{"id":3,"date":"2023-12-19T18:22:49","date_gmt":"2023-12-19T18:22:49","guid":{"rendered":"https:\/\/demo.artureanec.com\/themes\/neuros\/?page_id=3"},"modified":"2025-04-16T13:46:17","modified_gmt":"2025-04-16T10:46:17","slug":"tietosuojaseloste","status":"publish","type":"page","link":"https:\/\/www.codaone.fi\/fi\/tietosuojaseloste\/","title":{"rendered":"Tietosuojaseloste"},"content":{"rendered":"\t\t<div data-elementor-type=\"wp-page\" data-elementor-id=\"3\" class=\"elementor elementor-3\">\n\t\t\t\t\t\t<section class=\"elementor-section elementor-top-section elementor-element elementor-element-8b6b30d elementor-section-boxed elementor-section-height-default elementor-section-height-default\" data-id=\"8b6b30d\" data-element_type=\"section\" data-e-type=\"section\">\n\t\t\t\t\t\t<div class=\"elementor-container elementor-column-gap-default\">\n\t\t\t\t\t<div class=\"elementor-column elementor-col-50 elementor-top-column elementor-element elementor-element-d17a8d0\" data-id=\"d17a8d0\" data-element_type=\"column\" data-e-type=\"column\">\n\t\t\t<div class=\"elementor-widget-wrap elementor-element-populated\">\n\t\t\t\t\t\t<div class=\"elementor-element elementor-element-d578ef5 elementor-widget elementor-widget-neuros_heading\" data-id=\"d578ef5\" data-element_type=\"widget\" data-e-type=\"widget\" data-widget_type=\"neuros_heading.default\">\n\t\t\t\t<div class=\"elementor-widget-container\">\n\t\t\t\t\t<div class=\"neuros-heading-widget\"><h2 class=\"neuros-heading\"><span class=\"neuros-heading-content has_gradient_color_text\">Tietosuojaseloste<\/span><\/h2><\/div>\t\t\t\t<\/div>\n\t\t\t\t<\/div>\n\t\t\t\t<div class=\"elementor-element elementor-element-574dcc5f elementor-widget elementor-widget-text-editor\" data-id=\"574dcc5f\" data-element_type=\"widget\" data-e-type=\"widget\" data-widget_type=\"text-editor.default\">\n\t\t\t\t<div class=\"elementor-widget-container\">\n\t\t\t\t\t\t\t\t\t<p>P\u00e4ivitetty: 15.4.2025<\/p>\n<p><strong>1. Rekisterinpit\u00e4j\u00e4<\/strong><\/p>\n<p>Codaone Oy<br>Bertel Jungin aukio 5<br>02600 Espoo<br>Y-tunnus: 2569840-9<\/p>\n<p><strong>2. Rekisteriasioista vastaava yhteyshenkil\u00f6<\/strong><\/p>\n<p>Juhani Haapala<br>info@codaone.fi<\/p>\n<p><strong>3. Rekisterin nimi<\/strong><\/p>\n<p>Codaone.fi verkkosivuston yhteydenottorekisteri ja markkinointirekisteri<\/p>\n<p><strong>4. Henkil\u00f6tietojen k\u00e4sittelyn tarkoitus ja oikeusperuste<\/strong><\/p>\n<p>Ker\u00e4\u00e4mme ja k\u00e4sittelemme henkil\u00f6tietoja seuraaviin tarkoituksiin:<br>\u2022 Yhteydenottojen ja asiakassuhteiden hoitaminen (oikeutettu etu)<br>\u2022 Palveluiden ja asiakasviestinn\u00e4n kehitt\u00e4minen (oikeutettu etu)<br>\u2022 S\u00e4hk\u00f6postilistan rakentaminen ja uutiskirjeiden l\u00e4hetys (suostumus)<br>\u2022 Kohdennettu mainonta Google-palveluissa (suostumus, ev\u00e4steiden perusteella)<\/p>\n<p>T\u00e4ll\u00e4 hetkell\u00e4 ker\u00e4\u00e4mme henkil\u00f6tietoja vain yhteydenottolomakkeiden kautta. Tietojen antaminen on vapaaehtoista, mutta osa palveluista edellytt\u00e4\u00e4 tietojen toimittamista.<\/p>\n<p><strong>5. Rekisterin tietosis\u00e4lt\u00f6<\/strong><\/p>\n<p>Tallennamme seuraavat tiedot:<br>\u2022 Nimi<br>\u2022 S\u00e4hk\u00f6postiosoite<br>\u2022 Viestin sis\u00e4lt\u00f6 (yhteydenottopyynt\u00f6)<br>\u2022 Mahdolliset muut vapaaehtoisesti annetut tiedot<br>\u2022 Sivuston k\u00e4ytt\u00f6tiedot (ev\u00e4steiden perusteella, kuten IP-osoite, selaintyyppi, k\u00e4ytt\u00f6laitteen tiedot)<\/p>\n<p><strong>6. Tietojen s\u00e4ilytysaika<\/strong><\/p>\n<p>Yhteydenottolomakkeella ker\u00e4tyt henkil\u00f6tiedot poistetaan viimeist\u00e4\u00e4n 6 kuukauden kuluessa yhteydenotosta, ellei yhteys jatku aktiivisena asiakassuhteena.<\/p>\n<p>S\u00e4hk\u00f6postimarkkinoinnin yhteydess\u00e4 rekister\u00f6idyt voivat itse perua suostumuksensa milloin tahansa.<\/p>\n<p><strong>7. S\u00e4\u00e4nn\u00f6nmukaiset tietol\u00e4hteet<\/strong><\/p>\n<p>Tiedot saadaan rekister\u00f6idylt\u00e4 itselt\u00e4\u00e4n lomakkeiden tai muiden s\u00e4hk\u00f6isten viestint\u00e4v\u00e4lineiden kautta.<\/p>\n<p><strong>8. Tietojen luovutukset ja siirrot<\/strong><\/p>\n<p>Tietoja ei luovuteta ulkopuolisille kolmansille osapuolille ilman erillist\u00e4 suostumusta.<\/p>\n<p>Voimme k\u00e4ytt\u00e4\u00e4 luotettavia teknisi\u00e4 alihankkijoita esimerkiksi ev\u00e4steiden hallintaan ja markkinoinnin ty\u00f6kaluihin, jotka voivat sijaita EU-\/ETA-alueen ulkopuolella. T\u00e4ll\u00f6in siirrot perustuvat EU:n komission hyv\u00e4ksymiin mallisopimuslausekkeisiin.<\/p>\n<p><strong>9. Rekisterin suojaus<\/strong><\/p>\n<p>Tiedot k\u00e4sitell\u00e4\u00e4n huolellisesti ja ne suojataan teknisesti asianmukaisin toimin. P\u00e4\u00e4sy tietoihin on rajattu vain niihin ty\u00f6ntekij\u00f6ihin, jotka tarvitsevat niit\u00e4 ty\u00f6teht\u00e4viss\u00e4\u00e4n.<\/p>\n<p><strong>10. Ev\u00e4steet ja seuranta<\/strong><\/p>\n<p>Sivustolla k\u00e4ytet\u00e4\u00e4n ev\u00e4steit\u00e4 k\u00e4ytt\u00f6kokemuksen parantamiseen ja markkinointitarkoituksiin. K\u00e4yt\u00e4mme CookieFirst-alustaa ev\u00e4stesuostumusten hallintaan.<\/p>\n<p>Sivustolla k\u00e4ytet\u00e4\u00e4n my\u00f6s Google-palveluita (esim. Google Analytics, Google Ads), joiden kautta ker\u00e4t\u00e4\u00e4n tietoja verkkosivun k\u00e4yt\u00f6st\u00e4 ja mahdollistetaan kohdennettu mainonta.<\/p>\n<p>K\u00e4ytt\u00e4j\u00e4ll\u00e4 on mahdollisuus hallita ev\u00e4steasetuksia ja antaa tai peruuttaa suostumuksensa milloin tahansa ev\u00e4steilmoituksen kautta.<\/p>\n<p><strong>11. Rekister\u00f6idyn oikeudet<\/strong><\/p>\n<p>Rekister\u00f6idyll\u00e4 on oikeus:<br>\u2022 Tarkastaa, mit\u00e4 h\u00e4nt\u00e4 koskevia tietoja on tallennettu<br>\u2022 Pyyt\u00e4\u00e4 virheellisen tiedon korjaamista<br>\u2022 Pyyt\u00e4\u00e4 tietojensa poistamista tai k\u00e4sittelyn rajoittamista<br>\u2022 Vastustaa tietojen k\u00e4sittely\u00e4<br>\u2022 Peruuttaa antamansa suostumus milloin tahansa<br>\u2022 Tehd\u00e4 valitus tietosuojaviranomaiselle<\/p>\n<p><strong>12. Yhteydenotot<\/strong><\/p>\n<p>Kaikissa henkil\u00f6tietojen k\u00e4sittelyyn ja oikeuksiin liittyviss\u00e4 kysymyksiss\u00e4 voit ottaa yhteytt\u00e4 s\u00e4hk\u00f6postitse:<br>info@codaone.fi<\/p>\t\t\t\t\t\t\t\t<\/div>\n\t\t\t\t<\/div>\n\t\t\t\t\t<\/div>\n\t\t<\/div>\n\t\t\t\t<div class=\"elementor-column elementor-col-50 elementor-top-column elementor-element elementor-element-cce41fa\" data-id=\"cce41fa\" data-element_type=\"column\" data-e-type=\"column\">\n\t\t\t<div class=\"elementor-widget-wrap\">\n\t\t\t\t\t\t\t<\/div>\n\t\t<\/div>\n\t\t\t\t\t<\/div>\n\t\t<\/section>\n\t\t\t\t<\/div>\n\t\t","protected":false},"excerpt":{"rendered":"<p>P\u00e4ivitetty: 15.4.2025 1. Rekisterinpit\u00e4j\u00e4 Codaone OyBertel Jungin aukio 502600 EspooY-tunnus: 2569840-9 2. Rekisteriasioista vastaava yhteyshenkil\u00f6 Juhani Haapalainfo@codaone.fi 3. Rekisterin nimi Codaone.fi verkkosivuston yhteydenottorekisteri ja markkinointirekisteri 4. Henkil\u00f6tietojen k\u00e4sittelyn tarkoitus ja oikeusperuste Ker\u00e4\u00e4mme ja k\u00e4sittelemme henkil\u00f6tietoja seuraaviin tarkoituksiin:\u2022 Yhteydenottojen ja asiakassuhteiden hoitaminen&#8230;<\/p>\n","protected":false},"author":2,"featured_media":0,"parent":0,"menu_order":0,"comment_status":"closed","ping_status":"closed","template":"","meta":{"footnotes":""},"class_list":["post-3","page","type-page","status-publish","hentry"],"_links":{"self":[{"href":"https:\/\/www.codaone.fi\/fi\/wp-json\/wp\/v2\/pages\/3","targetHints":{"allow":["GET"]}}],"collection":[{"href":"https:\/\/www.codaone.fi\/fi\/wp-json\/wp\/v2\/pages"}],"about":[{"href":"https:\/\/www.codaone.fi\/fi\/wp-json\/wp\/v2\/types\/page"}],"author":[{"embeddable":true,"href":"https:\/\/www.codaone.fi\/fi\/wp-json\/wp\/v2\/users\/2"}],"replies":[{"embeddable":true,"href":"https:\/\/www.codaone.fi\/fi\/wp-json\/wp\/v2\/comments?post=3"}],"version-history":[{"count":16,"href":"https:\/\/www.codaone.fi\/fi\/wp-json\/wp\/v2\/pages\/3\/revisions"}],"predecessor-version":[{"id":24705,"href":"https:\/\/www.codaone.fi\/fi\/wp-json\/wp\/v2\/pages\/3\/revisions\/24705"}],"wp:attachment":[{"href":"https:\/\/www.codaone.fi\/fi\/wp-json\/wp\/v2\/media?parent=3"}],"curies":[{"name":"wp","href":"https:\/\/api.w.org\/{rel}","templated":true}]}}