{"id":25661,"date":"2026-02-10T07:22:41","date_gmt":"2026-02-10T05:22:41","guid":{"rendered":"https:\/\/www.codaone.fi\/?page_id=25661"},"modified":"2026-02-11T16:11:33","modified_gmt":"2026-02-11T14:11:33","slug":"verkkokaupan-tai-sivun-nopeus","status":"publish","type":"page","link":"https:\/\/www.codaone.fi\/fi\/magento-faq\/verkkokaupan-tai-sivun-nopeus\/","title":{"rendered":"Verkkokaupan tai -sivun nopeus"},"content":{"rendered":"\t\t<div data-elementor-type=\"wp-page\" data-elementor-id=\"25661\" class=\"elementor elementor-25661\">\n\t\t\t\t\t\t<section class=\"elementor-section elementor-top-section elementor-element elementor-element-192d9952 elementor-section-stretched elementor-section-boxed elementor-section-height-default elementor-section-height-default\" data-id=\"192d9952\" data-element_type=\"section\" data-e-type=\"section\" data-settings=\"{&quot;stretch_section&quot;:&quot;section-stretched&quot;}\">\n\t\t\t\t\t\t<div class=\"elementor-container elementor-column-gap-wide\">\n\t\t\t\t\t<div class=\"elementor-column elementor-col-50 elementor-top-column elementor-element elementor-element-2c8aea51\" data-id=\"2c8aea51\" data-element_type=\"column\" data-e-type=\"column\">\n\t\t\t<div class=\"elementor-widget-wrap elementor-element-populated\">\n\t\t\t\t\t\t<div class=\"elementor-element elementor-element-2b2fa76c elementor-widget elementor-widget-image\" data-id=\"2b2fa76c\" data-element_type=\"widget\" data-e-type=\"widget\" data-widget_type=\"image.default\">\n\t\t\t\t<div class=\"elementor-widget-container\">\n\t\t\t\t\t\t\t\t\t\t\t\t\t\t\t<img fetchpriority=\"high\" decoding=\"async\" width=\"530\" height=\"444\" src=\"https:\/\/www.codaone.fi\/wp-content\/uploads\/2025\/02\/codaone_logo_merkkiosa_sininen.png\" class=\"attachment-large size-large wp-image-23033\" alt=\"\" srcset=\"https:\/\/www.codaone.fi\/wp-content\/uploads\/2025\/02\/codaone_logo_merkkiosa_sininen.png 530w, https:\/\/www.codaone.fi\/wp-content\/uploads\/2025\/02\/codaone_logo_merkkiosa_sininen-300x251.png 300w\" sizes=\"(max-width: 530px) 100vw, 530px\">\t\t\t\t\t\t\t\t\t\t\t\t\t\t\t<\/div>\n\t\t\t\t<\/div>\n\t\t\t\t\t<\/div>\n\t\t<\/div>\n\t\t\t\t<div class=\"elementor-column elementor-col-50 elementor-top-column elementor-element elementor-element-20bc0663\" data-id=\"20bc0663\" data-element_type=\"column\" data-e-type=\"column\">\n\t\t\t<div class=\"elementor-widget-wrap elementor-element-populated\">\n\t\t\t\t\t\t<div class=\"elementor-element elementor-element-368e22bd elementor-invisible elementor-widget elementor-widget-neuros_heading\" data-id=\"368e22bd\" data-element_type=\"widget\" data-e-type=\"widget\" data-settings=\"{&quot;_animation&quot;:&quot;neuros_heading_animation&quot;,&quot;_animation_delay&quot;:300}\" data-widget_type=\"neuros_heading.default\">\n\t\t\t\t<div class=\"elementor-widget-container\">\n\t\t\t\t\t<div class=\"neuros-heading-widget\"><h2 class=\"neuros-heading\"><span class=\"neuros-subheading\">Sivuston latausaika<\/span><span class=\"neuros-heading-content has_gradient_color_text\">Nopeus - Verkkokaupan tai verkkosivun nopeus<\/span><\/h2><\/div>\t\t\t\t<\/div>\n\t\t\t\t<\/div>\n\t\t\t\t<div class=\"elementor-element elementor-element-3a95a591 elementor-widget elementor-widget-text-editor\" data-id=\"3a95a591\" data-element_type=\"widget\" data-e-type=\"widget\" data-widget_type=\"text-editor.default\">\n\t\t\t\t<div class=\"elementor-widget-container\">\n\t\t\t\t\t\t\t\t\t<p>Verkkokaupan tai sivuston latausaika on yksi t\u00e4rkeimmist\u00e4 ominaisuuksista verkkosivustollasi, mutta erityisen t\u00e4rke\u00e4 se on verkkokaupassa.<\/p><p>T\u00e4ss\u00e4 artikkelissa k\u00e4ymme lyhyesti l\u00e4pi t\u00e4rkeimm\u00e4t termit mit\u00e4 ne tarkoittavat ja mitk\u00e4 ovat hyv\u00e4t viitearvot. L\u00f6yd\u00e4t my\u00f6s linkit josta p\u00e4\u00e4see tutustumaan termeihin, viitearvojen perusteisiin ja aiheisiin syvemmin.<\/p><p>Ja jotta termeill\u00e4 ja mittareilla olisi merkityst\u00e4 l\u00f6yd\u00e4t my\u00f6s ohjeet miten testata sivustoa ja mit\u00e4 testereist\u00e4 seurata ja miten nit\u00e4 k\u00e4ytet\u00e4\u00e4n mittareina.<\/p>\t\t\t\t\t\t\t\t<\/div>\n\t\t\t\t<\/div>\n\t\t\t\t<div class=\"elementor-element elementor-element-1793ea4d neuros-button-type-simple neuros-button-border-style-solid neuros-button-bakground-style-solid elementor-widget elementor-widget-neuros_button\" data-id=\"1793ea4d\" data-element_type=\"widget\" data-e-type=\"widget\" data-widget_type=\"neuros_button.default\">\n\t\t\t\t<div class=\"elementor-widget-container\">\n\t\t\t\t\t\n        <div class=\"button-widget\">\n            <div class=\"button-container\">\n                                <a class=\"neuros-button\" href=\"#content\" href=\"#content\" target=\"_blank\">Lue lis\u00e4\u00e4 nopeudesta ja mittareista                        <span class=\"icon-button-arrow left\"><\/span><span class=\"icon-button-arrow right\"><\/span>                    \n                    <span class=\"button-inner\"><\/span>\n                <\/a>\n                            <\/div>\n        <\/div>\n        \t\t\t\t<\/div>\n\t\t\t\t<\/div>\n\t\t\t\t\t<\/div>\n\t\t<\/div>\n\t\t\t\t\t<\/div>\n\t\t<\/section>\n\t\t\t\t<section class=\"elementor-section elementor-top-section elementor-element elementor-element-c046926 elementor-section-boxed elementor-section-height-default elementor-section-height-default\" data-id=\"c046926\" data-element_type=\"section\" data-e-type=\"section\">\n\t\t\t\t\t\t<div class=\"elementor-container elementor-column-gap-default\">\n\t\t\t\t\t<div class=\"elementor-column elementor-col-50 elementor-top-column elementor-element elementor-element-0c51c6e\" data-id=\"0c51c6e\" data-element_type=\"column\" data-e-type=\"column\">\n\t\t\t<div class=\"elementor-widget-wrap elementor-element-populated\">\n\t\t\t\t\t\t<div class=\"elementor-element elementor-element-a3fcf4d elementor-widget elementor-widget-neuros_heading\" data-id=\"a3fcf4d\" data-element_type=\"widget\" data-e-type=\"widget\" data-widget_type=\"neuros_heading.default\">\n\t\t\t\t<div class=\"elementor-widget-container\">\n\t\t\t\t\t<div class=\"neuros-heading-widget\"><h3 class=\"neuros-heading\"><span class=\"neuros-heading-content has_gradient_color_text\">Nopeus, termit ja mittarit<\/span><\/h3><\/div>\t\t\t\t<\/div>\n\t\t\t\t<\/div>\n\t\t\t\t<div class=\"elementor-element elementor-element-fce012a elementor-widget elementor-widget-text-editor\" data-id=\"fce012a\" data-element_type=\"widget\" data-e-type=\"widget\" data-widget_type=\"text-editor.default\">\n\t\t\t\t<div class=\"elementor-widget-container\">\n\t\t\t\t\t\t\t\t\t<ul><li>TTFB &#8211; Palvelinlatausaika<ul><li>alle 1 s on hyv\u00e4 latausaika<\/li><li>alle 0,5s on erinomainen<\/li><li>T\u00e4ss\u00e4 tarkoitetaan, kun sivu ei tule v\u00e4limuistista<\/li><\/ul><\/li><li>FCP &#8211; First Contentful Paint<ul><li>Milloin ensimm\u00e4inen n\u00e4kyv\u00e4 elementti tulee n\u00e4kyviin<\/li><li>Hyv\u00e4 luku &lt;1.8s<\/li><\/ul><\/li><li>LCP &#8211; Largest contentful paint<ul><li>Milloin sivun isoin elementti tulee n\u00e4kyviin<\/li><li>Hyv\u00e4 luku on &lt;2.5s<\/li><\/ul><\/li><li>CLS &#8211; Cumulative layout shift<ul><li>Vaihtaako elementit paikkaa latauksen aikana<\/li><li>Hyv\u00e4 luku &lt;0.1<\/li><\/ul><\/li><li>INP \u2013 Interaction to Next Point<ul><li>Klikatessa milloin jotain tapahtuu<\/li><li>Hyv\u00e4 luku &lt;0.1s<\/li><\/ul><\/li><\/ul><p>Termeist\u00e4 ja niiden viiterarvoista tarkemmin google dev sivulla: <a href=\"https:\/\/web.dev\/articles\/defining-core-web-vitals-thresholds\" rel=\"nofollow noopener\" target=\"_blank\">web.dev\/articles\/defining-core-web-vitals-thresholds<\/a><\/p>\t\t\t\t\t\t\t\t<\/div>\n\t\t\t\t<\/div>\n\t\t\t\t<div class=\"elementor-element elementor-element-3ce00b8 elementor-widget elementor-widget-neuros_heading\" data-id=\"3ce00b8\" data-element_type=\"widget\" data-e-type=\"widget\" data-widget_type=\"neuros_heading.default\">\n\t\t\t\t<div class=\"elementor-widget-container\">\n\t\t\t\t\t<div class=\"neuros-heading-widget\"><h3 class=\"neuros-heading\"><span class=\"neuros-heading-content has_gradient_color_text\">Miten sitten mitata nopeutta?<\/span><\/h3><\/div>\t\t\t\t<\/div>\n\t\t\t\t<\/div>\n\t\t\t\t<div class=\"elementor-element elementor-element-558d479 elementor-widget elementor-widget-text-editor\" data-id=\"558d479\" data-element_type=\"widget\" data-e-type=\"widget\" data-widget_type=\"text-editor.default\">\n\t\t\t\t<div class=\"elementor-widget-container\">\n\t\t\t\t\t\t\t\t\t<p>Mittaaminen ja seuraaminen on nopeuden t\u00e4rke\u00e4 elementti. Varsinkin, jos sivustoa tai verkkokauppaa kehitet\u00e4\u00e4n jatkuvasti voi yll\u00e4tt\u00e4v\u00e4t asiat aiheuttaa hidastelua tai pitk\u00e4ss\u00e4 juoksussa kumuloitua hidastavaksi tekij\u00e4ksi. T\u00e4st\u00e4 johtuen nopeuden jatkuva seuranta on t\u00e4rke\u00e4\u00e4.\u00a0<\/p><p>Nopeuden mittaamiseen hyvi\u00e4 ty\u00f6kaluja on mm. Google PageSpeed Insights ja GTmetrix:<\/p><ul><li><a href=\"https:\/\/pagespeed.web.dev\/\" rel=\"nofollow noopener\" target=\"_blank\">pagespeed.web.dev<\/a><\/li><li><a href=\"https:\/\/gtmetrix.com\/\" rel=\"nofollow noopener\" target=\"_blank\">gtmetrix.com<\/a><\/li><\/ul><p>PageSpeed Insights kanssa kannattaa huomioda, ett\u00e4 oikeassa yl\u00e4kulmassa oleva &#8221;This url&#8221; tarkoittaa juuri tehty\u00e4 testi\u00e4 ja &#8221;Origin&#8221; tarkoittaa viimeisen 30 p\u00e4iv\u00e4n k\u00e4vij\u00f6iden toteutunut tulos. Eli jos teet muutoksia niin n\u00e4e todelliset muutokset eli siis k\u00e4vij\u00f6ille n\u00e4kyneet muutokset vasta 30 p\u00e4iv\u00e4n p\u00e4\u00e4st\u00e4.<\/p><p>Codaonen asiakkaana yll\u00e4pitopalveluun kuuluu nopeuden seuranta. Seuraamme erityisesti TTFB aikaa sek\u00e4 my\u00f6s Pagespeed Insightin kautta muitakin mittareita. Mik\u00e4li joku mittari muuttuu paljon tai aikasemmasta viitearvon sis\u00e4ll\u00e4 olevasta viitearvon ulkopuolelle saamme siit\u00e4 h\u00e4lytyksen ja selvit\u00e4mme mist\u00e4 muutoksesta tai mist\u00e4 syyst\u00e4 se johtuu.<\/p>\t\t\t\t\t\t\t\t<\/div>\n\t\t\t\t<\/div>\n\t\t\t\t<div class=\"elementor-element elementor-element-0f20c8a neuros-button-type-simple neuros-button-border-style-solid neuros-button-bakground-style-solid elementor-widget elementor-widget-neuros_button\" data-id=\"0f20c8a\" data-element_type=\"widget\" data-e-type=\"widget\" data-widget_type=\"neuros_button.default\">\n\t\t\t\t<div class=\"elementor-widget-container\">\n\t\t\t\t\t\n        <div class=\"button-widget\">\n            <div class=\"button-container\">\n                                <a class=\"neuros-button\" href=\"#contact\" href=\"#contact\" target=\"_blank\">Haluan ottaa yhteytt\u00e4                        <span class=\"icon-button-arrow left\"><\/span><span class=\"icon-button-arrow right\"><\/span>                    \n                    <span class=\"button-inner\"><\/span>\n                <\/a>\n                            <\/div>\n        <\/div>\n        \t\t\t\t<\/div>\n\t\t\t\t<\/div>\n\t\t\t\t\t<\/div>\n\t\t<\/div>\n\t\t\t\t<div class=\"elementor-column elementor-col-50 elementor-top-column elementor-element elementor-element-21d8b5a\" data-id=\"21d8b5a\" data-element_type=\"column\" data-e-type=\"column\">\n\t\t\t<div class=\"elementor-widget-wrap\">\n\t\t\t\t\t\t\t<\/div>\n\t\t<\/div>\n\t\t\t\t\t<\/div>\n\t\t<\/section>\n\t\t\t\t<section class=\"elementor-section elementor-top-section elementor-element elementor-element-4ecbb317 elementor-section-boxed elementor-section-height-default elementor-section-height-default\" data-id=\"4ecbb317\" data-element_type=\"section\" data-e-type=\"section\">\n\t\t\t\t\t\t<div class=\"elementor-container elementor-column-gap-default\">\n\t\t\t\t\t<div class=\"elementor-column elementor-col-100 elementor-top-column elementor-element elementor-element-5e9cd588\" data-id=\"5e9cd588\" data-element_type=\"column\" data-e-type=\"column\">\n\t\t\t<div class=\"elementor-widget-wrap elementor-element-populated\">\n\t\t\t\t\t\t<div class=\"elementor-element elementor-element-2bfc0270 elementor-widget elementor-widget-text-editor\" data-id=\"2bfc0270\" data-element_type=\"widget\" data-e-type=\"widget\" data-widget_type=\"text-editor.default\">\n\t\t\t\t<div class=\"elementor-widget-container\">\n\t\t\t\t\t\t\t\t\t<p>Codaonella olemme kehitt\u00e4neet palvelinymp\u00e4rist\u00f6n ja Magento moduulien kautta niin, ett\u00e4 saamme Magenton my\u00f6s toimimaan todella nopeasti. Parhaimmillaan vahvasti muokattu Magento verkkokaupan ttfb (eli palvelinlatausaika) on 0.5s luokka, joka on erinomaista luokkaa. Nopeudella varmistetaan suuri kilpailuetu muita kohtaan ja palvellaan verkkokaupan asiakkaita.<\/p><p>Magento tunnetaan ennen kaikkea joustavuudestaan, laajennettavuudestaan ja vahvoista B2B-ominaisuuksistaan. Se mahdollistaa monimutkaiset liiketoimintamallit, syv\u00e4t integraatiot ja tarkasti r\u00e4\u00e4t\u00e4l\u00f6idyt ostokokemukset \u2013 ilman rajoituksia.<\/p>\t\t\t\t\t\t\t\t<\/div>\n\t\t\t\t<\/div>\n\t\t\t\t\t<\/div>\n\t\t<\/div>\n\t\t\t\t\t<\/div>\n\t\t<\/section>\n\t\t\t\t<section class=\"elementor-section elementor-top-section elementor-element elementor-element-40bcf9c1 elementor-section-boxed elementor-section-height-default elementor-section-height-default\" data-id=\"40bcf9c1\" data-element_type=\"section\" data-e-type=\"section\" id=\"contact\" data-settings=\"{&quot;background_background&quot;:&quot;classic&quot;}\">\n\t\t\t\t\t\t<div class=\"elementor-container elementor-column-gap-wide\">\n\t\t\t\t\t<div class=\"elementor-column elementor-col-50 elementor-top-column elementor-element elementor-element-4dd0cf27\" data-id=\"4dd0cf27\" data-element_type=\"column\" data-e-type=\"column\">\n\t\t\t<div class=\"elementor-widget-wrap elementor-element-populated\">\n\t\t\t\t\t\t<section class=\"elementor-section elementor-inner-section elementor-element elementor-element-73da0670 elementor-section-boxed elementor-section-height-default elementor-section-height-default\" data-id=\"73da0670\" data-element_type=\"section\" data-e-type=\"section\">\n\t\t\t\t\t\t<div class=\"elementor-container elementor-column-gap-default\">\n\t\t\t\t\t<div class=\"elementor-column elementor-col-100 elementor-inner-column elementor-element elementor-element-2f715b38\" data-id=\"2f715b38\" data-element_type=\"column\" data-e-type=\"column\">\n\t\t\t<div class=\"elementor-widget-wrap elementor-element-populated\">\n\t\t\t\t\t\t<div class=\"elementor-element elementor-element-5aac5d70 elementor-widget elementor-widget-neuros_heading\" data-id=\"5aac5d70\" data-element_type=\"widget\" data-e-type=\"widget\" data-widget_type=\"neuros_heading.default\">\n\t\t\t\t<div class=\"elementor-widget-container\">\n\t\t\t\t\t<div class=\"neuros-heading-widget\"><h2 class=\"neuros-heading\"><span class=\"neuros-subheading\">ota yhteytt\u00e4<\/span><span class=\"neuros-heading-content has_gradient_color_text\">Haluatko tiet\u00e4\u00e4, sopiiko Magento teille?<\/span><\/h2><\/div>\t\t\t\t<\/div>\n\t\t\t\t<\/div>\n\t\t\t\t<div class=\"elementor-element elementor-element-7f892c83 elementor-widget elementor-widget-text-editor\" data-id=\"7f892c83\" data-element_type=\"widget\" data-e-type=\"widget\" data-widget_type=\"text-editor.default\">\n\t\t\t\t<div class=\"elementor-widget-container\">\n\t\t\t\t\t\t\t\t\t<p>Magento ei ole paras kaikille \u2013 mutta se on ylivoimainen, kun tarpeet ovat kunnianhimoisia ja verkkokaupasta halutaan rakentaa pitk\u00e4j\u00e4nteinen liiketoimintaratkaisu.<\/p><p>Keskustellaan lis\u00e4\u00e4 ja katsotaan yhdess\u00e4, sopiiko Magento juuri teille.<\/p>\t\t\t\t\t\t\t\t<\/div>\n\t\t\t\t<\/div>\n\t\t\t\t\t<\/div>\n\t\t<\/div>\n\t\t\t\t\t<\/div>\n\t\t<\/section>\n\t\t\t\t\t<\/div>\n\t\t<\/div>\n\t\t\t\t<div class=\"elementor-column elementor-col-50 elementor-top-column elementor-element elementor-element-37a19e7d\" data-id=\"37a19e7d\" data-element_type=\"column\" data-e-type=\"column\" data-settings=\"{&quot;background_background&quot;:&quot;classic&quot;}\">\n\t\t\t<div class=\"elementor-widget-wrap elementor-element-populated\">\n\t\t\t\t\t\t<div class=\"elementor-element elementor-element-3bc0dfbb wpforms-button-border-style-solid wpforms-button-bakground-style-solid elementor-widget elementor-widget-neuros_wpforms\" data-id=\"3bc0dfbb\" data-element_type=\"widget\" data-e-type=\"widget\" data-widget_type=\"neuros_wpforms.default\">\n\t\t\t\t<div class=\"elementor-widget-container\">\n\t\t\t\t\t        <div class=\"neuros-wpforms-widget\">\n            <h4 class=\"wpforms-widget-heading neuros-heading\"><span class=\"neuros-heading-content\">Ota yhteytt\u00e4<\/span><\/h4><div class=\"wpforms-container wpforms-container-full wpforms-render-modern\" id=\"wpforms-23024\"><form id=\"wpforms-form-23024\" class=\"wpforms-validate wpforms-form wpforms-ajax-form\" data-formid=\"23024\" method=\"post\" enctype=\"multipart\/form-data\" action=\"\/fi\/wp-json\/wp\/v2\/pages\/25661\" data-token=\"db7b4a99bd9a0052c6ab9e218137c1be\" data-token-time=\"1776218216\"><div class=\"wpforms-head-container\"><div class=\"wpforms-description\">Tarvitsetko apua Magento -verkkokaupan suunnittelussa, kehityksess\u00e4 tai optimoinnissa? Kerro meille tarpeistasi, niin etsit\u00e4\u00e4n yhdess\u00e4 paras ratkaisu. Ota yhteytt\u00e4 \u2013 autamme mielell\u00e4mme!<\/div><\/div><noscript class=\"wpforms-error-noscript\">Please enable JavaScript in your browser to complete this form.<\/noscript><div class=\"wpforms-hidden\" id=\"wpforms-error-noscript\">Please enable JavaScript in your browser to complete this form.<\/div><div class=\"wpforms-field-container\"><div id=\"wpforms-23024-field_1-container\" class=\"wpforms-field wpforms-field-text\" data-field-id=\"1\"><label class=\"wpforms-field-label wpforms-label-hide\" for=\"wpforms-23024-field_1\" aria-hidden=\"false\">Full Name <span class=\"wpforms-required-label\" aria-hidden=\"true\">*<\/span><\/label><input type=\"text\" id=\"wpforms-23024-field_1\" class=\"wpforms-field-large wpforms-field-required\" name=\"wpforms[fields][1]\" placeholder=\"Nimi\" aria-errormessage=\"wpforms-23024-field_1-error\" required><\/div><div id=\"wpforms-23024-field_3-container\" class=\"wpforms-field wpforms-field-email\" data-field-id=\"3\"><label class=\"wpforms-field-label wpforms-label-hide\" for=\"wpforms-23024-field_3\" aria-hidden=\"false\">Email <span class=\"wpforms-required-label\" aria-hidden=\"true\">*<\/span><\/label><input type=\"email\" id=\"wpforms-23024-field_3\" class=\"wpforms-field-large wpforms-field-required\" name=\"wpforms[fields][3]\" placeholder=\"S\u00e4hk\u00f6posti\" spellcheck=\"false\" aria-errormessage=\"wpforms-23024-field_3-error\" required><\/div><div id=\"wpforms-23024-field_4-container\" class=\"wpforms-field wpforms-field-text\" data-field-id=\"4\"><label class=\"wpforms-field-label wpforms-label-hide\" for=\"wpforms-23024-field_4\" aria-hidden=\"false\">Subject <span class=\"wpforms-required-label\" aria-hidden=\"true\">*<\/span><\/label><input type=\"text\" id=\"wpforms-23024-field_4\" class=\"wpforms-field-large wpforms-field-required\" name=\"wpforms[fields][4]\" placeholder=\"Aihe\" aria-errormessage=\"wpforms-23024-field_4-error\" required><\/div><div id=\"wpforms-23024-field_5-container\" class=\"wpforms-field wpforms-field-textarea\" data-field-id=\"5\"><label class=\"wpforms-field-label wpforms-label-hide\" for=\"wpforms-23024-field_5\" aria-hidden=\"false\">Message<\/label><textarea id=\"wpforms-23024-field_5\" class=\"wpforms-field-small\" name=\"wpforms[fields][5]\" placeholder=\"Viesti\" aria-errormessage=\"wpforms-23024-field_5-error\" ><\/textarea><\/div><\/div><!-- .wpforms-field-container --><div class=\"wpforms-recaptcha-container wpforms-is-recaptcha wpforms-is-recaptcha-type-v3\" ><input type=\"hidden\" name=\"wpforms[recaptcha]\" value=\"\"><\/div><div class=\"wpforms-submit-container\" ><input type=\"hidden\" name=\"wpforms[id]\" value=\"23024\"><input type=\"hidden\" name=\"page_title\" value=\"\"><input type=\"hidden\" name=\"page_url\" value=\"https:\/\/www.codaone.fi\/fi\/wp-json\/wp\/v2\/pages\/25661\"><input type=\"hidden\" name=\"url_referer\" value=\"\"><button type=\"submit\" name=\"wpforms[submit]\" id=\"wpforms-submit-23024\" class=\"wpforms-submit\" data-alt-text=\"L\u00e4hetet\u00e4\u00e4n..\" data-submit-text=\"L\u00e4het\u00e4 viesti\" aria-live=\"assertive\" value=\"wpforms-submit\">L\u00e4het\u00e4 viesti<\/button><img decoding=\"async\" src=\"https:\/\/www.codaone.fi\/wp-content\/plugins\/wpforms\/assets\/images\/submit-spin.svg\" class=\"wpforms-submit-spinner\" style=\"display: none;\" width=\"26\" height=\"26\" alt=\"Loading\"><\/div><\/form><\/div>  <!-- .wpforms-container -->        <\/div>\n        \t\t\t\t<\/div>\n\t\t\t\t<\/div>\n\t\t\t\t\t<\/div>\n\t\t<\/div>\n\t\t\t\t\t<\/div>\n\t\t<\/section>\n\t\t\t\t<\/div>\n\t\t","protected":false},"excerpt":{"rendered":"<p>Verkkokaupan tai sivuston latausaika on yksi t\u00e4rkeimmist\u00e4 ominaisuuksista verkkosivustollasi, mutta erityisen t\u00e4rke\u00e4 se on verkkokaupassa. T\u00e4ss\u00e4 artikkelissa k\u00e4ymme lyhyesti l\u00e4pi t\u00e4rkeimm\u00e4t termit mit\u00e4 ne tarkoittavat ja mitk\u00e4 ovat hyv\u00e4t viitearvot. L\u00f6yd\u00e4t my\u00f6s linkit josta p\u00e4\u00e4see tutustumaan termeihin, viitearvojen perusteisiin ja aiheisiin&#8230;<\/p>\n","protected":false},"author":4,"featured_media":0,"parent":24005,"menu_order":4,"comment_status":"closed","ping_status":"closed","template":"","meta":{"footnotes":""},"class_list":["post-25661","page","type-page","status-publish","hentry"],"_links":{"self":[{"href":"https:\/\/www.codaone.fi\/fi\/wp-json\/wp\/v2\/pages\/25661","targetHints":{"allow":["GET"]}}],"collection":[{"href":"https:\/\/www.codaone.fi\/fi\/wp-json\/wp\/v2\/pages"}],"about":[{"href":"https:\/\/www.codaone.fi\/fi\/wp-json\/wp\/v2\/types\/page"}],"author":[{"embeddable":true,"href":"https:\/\/www.codaone.fi\/fi\/wp-json\/wp\/v2\/users\/4"}],"replies":[{"embeddable":true,"href":"https:\/\/www.codaone.fi\/fi\/wp-json\/wp\/v2\/comments?post=25661"}],"version-history":[{"count":20,"href":"https:\/\/www.codaone.fi\/fi\/wp-json\/wp\/v2\/pages\/25661\/revisions"}],"predecessor-version":[{"id":25693,"href":"https:\/\/www.codaone.fi\/fi\/wp-json\/wp\/v2\/pages\/25661\/revisions\/25693"}],"up":[{"embeddable":true,"href":"https:\/\/www.codaone.fi\/fi\/wp-json\/wp\/v2\/pages\/24005"}],"wp:attachment":[{"href":"https:\/\/www.codaone.fi\/fi\/wp-json\/wp\/v2\/media?parent=25661"}],"curies":[{"name":"wp","href":"https:\/\/api.w.org\/{rel}","templated":true}]}}