{"id":24453,"date":"2025-04-14T23:36:45","date_gmt":"2025-04-14T20:36:45","guid":{"rendered":"https:\/\/www.codaone.fi\/?page_id=24453"},"modified":"2025-12-05T13:56:00","modified_gmt":"2025-12-05T11:56:00","slug":"b2b-verkkokaupat","status":"publish","type":"page","link":"https:\/\/www.codaone.fi\/fi\/palvelut\/b2b-verkkokaupat\/","title":{"rendered":"B2B-verkkokaupat"},"content":{"rendered":"\t\t<div data-elementor-type=\"wp-page\" data-elementor-id=\"24453\" class=\"elementor elementor-24453\">\n\t\t\t\t\t\t<section class=\"elementor-section elementor-top-section elementor-element elementor-element-192d9952 elementor-section-stretched elementor-section-boxed elementor-section-height-default elementor-section-height-default\" data-id=\"192d9952\" data-element_type=\"section\" data-e-type=\"section\" data-settings=\"{&quot;stretch_section&quot;:&quot;section-stretched&quot;}\">\n\t\t\t\t\t\t<div class=\"elementor-container elementor-column-gap-wide\">\n\t\t\t\t\t<div class=\"elementor-column elementor-col-50 elementor-top-column elementor-element elementor-element-2c8aea51\" data-id=\"2c8aea51\" data-element_type=\"column\" data-e-type=\"column\">\n\t\t\t<div class=\"elementor-widget-wrap elementor-element-populated\">\n\t\t\t\t\t\t<div class=\"elementor-element elementor-element-2b2fa76c elementor-widget elementor-widget-image\" data-id=\"2b2fa76c\" data-element_type=\"widget\" data-e-type=\"widget\" data-widget_type=\"image.default\">\n\t\t\t\t<div class=\"elementor-widget-container\">\n\t\t\t\t\t\t\t\t\t\t\t\t\t\t\t<img fetchpriority=\"high\" decoding=\"async\" width=\"530\" height=\"444\" src=\"https:\/\/www.codaone.fi\/wp-content\/uploads\/2025\/02\/codaone_logo_merkkiosa_sininen.png\" class=\"attachment-large size-large wp-image-23033\" alt=\"\" srcset=\"https:\/\/www.codaone.fi\/wp-content\/uploads\/2025\/02\/codaone_logo_merkkiosa_sininen.png 530w, https:\/\/www.codaone.fi\/wp-content\/uploads\/2025\/02\/codaone_logo_merkkiosa_sininen-300x251.png 300w\" sizes=\"(max-width: 530px) 100vw, 530px\">\t\t\t\t\t\t\t\t\t\t\t\t\t\t\t<\/div>\n\t\t\t\t<\/div>\n\t\t\t\t\t<\/div>\n\t\t<\/div>\n\t\t\t\t<div class=\"elementor-column elementor-col-50 elementor-top-column elementor-element elementor-element-20bc0663\" data-id=\"20bc0663\" data-element_type=\"column\" data-e-type=\"column\">\n\t\t\t<div class=\"elementor-widget-wrap elementor-element-populated\">\n\t\t\t\t\t\t<div class=\"elementor-element elementor-element-368e22bd elementor-invisible elementor-widget elementor-widget-neuros_heading\" data-id=\"368e22bd\" data-element_type=\"widget\" data-e-type=\"widget\" data-settings=\"{&quot;_animation&quot;:&quot;neuros_heading_animation&quot;,&quot;_animation_delay&quot;:300}\" data-widget_type=\"neuros_heading.default\">\n\t\t\t\t<div class=\"elementor-widget-container\">\n\t\t\t\t\t<div class=\"neuros-heading-widget\"><h2 class=\"neuros-heading\"><span class=\"neuros-subheading\">B2B-verkkokaupat Magento -alustalla<\/span><span class=\"neuros-heading-content has_gradient_color_text\">Moderni tapa palvella yritysasiakkaita \u2013 skaalautuvasti ja hallitusti<\/span><\/h2><\/div>\t\t\t\t<\/div>\n\t\t\t\t<\/div>\n\t\t\t\t<div class=\"elementor-element elementor-element-3a95a591 elementor-widget elementor-widget-text-editor\" data-id=\"3a95a591\" data-element_type=\"widget\" data-e-type=\"widget\" data-widget_type=\"text-editor.default\">\n\t\t\t\t<div class=\"elementor-widget-container\">\n\t\t\t\t\t\t\t\t\t<p>B2B-verkkokauppa ei ole vain \u201ckuluttajakauppa eri asiakkaille\u201d. Yritysasiakkailla on usein omat sopimushinnat, tilausrajat, hyv\u00e4ksynt\u00e4prosessit ja tuotetarpeet \u2013 eik\u00e4 n\u00e4it\u00e4 voi hoitaa s\u00e4hk\u00f6postilla ja Excelill\u00e4 loputtomiin.<\/p><p>Me Codaonella autamme rakentamaan nykyaikaisen B2B-verkkokaupan, joka istuu saumattomasti yrityksesi toimintamalliin ja tukee tehokasta myynti\u00e4 \u2013 kellon ymp\u00e4ri.<\/p>\t\t\t\t\t\t\t\t<\/div>\n\t\t\t\t<\/div>\n\t\t\t\t<div class=\"elementor-element elementor-element-1793ea4d neuros-button-type-simple neuros-button-border-style-solid neuros-button-bakground-style-solid elementor-widget elementor-widget-neuros_button\" data-id=\"1793ea4d\" data-element_type=\"widget\" data-e-type=\"widget\" data-widget_type=\"neuros_button.default\">\n\t\t\t\t<div class=\"elementor-widget-container\">\n\t\t\t\t\t\n        <div class=\"button-widget\">\n            <div class=\"button-container\">\n                                <a class=\"neuros-button\" href=\"#content\" href=\"#content\" target=\"_blank\">Lue lis\u00e4\u00e4 B2B ratkaisuista                        <span class=\"icon-button-arrow left\"><\/span><span class=\"icon-button-arrow right\"><\/span>                    \n                    <span class=\"button-inner\"><\/span>\n                <\/a>\n                            <\/div>\n        <\/div>\n        \t\t\t\t<\/div>\n\t\t\t\t<\/div>\n\t\t\t\t\t<\/div>\n\t\t<\/div>\n\t\t\t\t\t<\/div>\n\t\t<\/section>\n\t\t\t\t<section class=\"elementor-section elementor-top-section elementor-element elementor-element-a6631b elementor-section-boxed elementor-section-height-default elementor-section-height-default\" data-id=\"a6631b\" data-element_type=\"section\" data-e-type=\"section\" id=\"content\">\n\t\t\t\t\t\t<div class=\"elementor-container elementor-column-gap-default\">\n\t\t\t\t\t<div class=\"elementor-column elementor-col-100 elementor-top-column elementor-element elementor-element-28fdf99c\" data-id=\"28fdf99c\" data-element_type=\"column\" data-e-type=\"column\">\n\t\t\t<div class=\"elementor-widget-wrap elementor-element-populated\">\n\t\t\t\t\t\t<div class=\"elementor-element elementor-element-1fa1239 elementor-widget elementor-widget-neuros_heading\" data-id=\"1fa1239\" data-element_type=\"widget\" data-e-type=\"widget\" data-widget_type=\"neuros_heading.default\">\n\t\t\t\t<div class=\"elementor-widget-container\">\n\t\t\t\t\t<div class=\"neuros-heading-widget\"><h3 class=\"neuros-heading\"><span class=\"neuros-heading-content has_gradient_color_text\">Miksi panostaa B2B-verkkokauppaan?<\/span><\/h3><\/div>\t\t\t\t<\/div>\n\t\t\t\t<\/div>\n\t\t\t\t<div class=\"elementor-element elementor-element-7cae04c0 elementor-widget elementor-widget-text-editor\" data-id=\"7cae04c0\" data-element_type=\"widget\" data-e-type=\"widget\" data-widget_type=\"text-editor.default\">\n\t\t\t\t<div class=\"elementor-widget-container\">\n\t\t\t\t\t\t\t\t\t<ul><li class=\"p3\"><strong>Nopeampi tilausprosessi<\/strong> \u2192 Asiakas voi tehd\u00e4 tilaukset itse silloin kun haluaa, ilman manuaalista ty\u00f6t\u00e4.<\/li><li class=\"p3\"><strong>V\u00e4hemm\u00e4n virheit\u00e4<\/strong> \u2192 Reaaliaikaiset saldot, hinnat ja tuotevalikoimat \u2013 suoraan asiakkaalle r\u00e4\u00e4t\u00e4l\u00f6ityn\u00e4.<\/li><li class=\"p3\"><strong>Parempi asiakaspalvelu<\/strong> \u2192 Verkkokauppa toimii myyj\u00e4n tukena, ei sen tilalla.<\/li><li class=\"p3\"><strong>Kustannustehokkuus<\/strong> \u2192 S\u00e4\u00e4st\u00e4t myynnin, asiakaspalvelun ja laskutuksen resursseja.<\/li><\/ul>\t\t\t\t\t\t\t\t<\/div>\n\t\t\t\t<\/div>\n\t\t\t\t\t<\/div>\n\t\t<\/div>\n\t\t\t\t\t<\/div>\n\t\t<\/section>\n\t\t\t\t<section class=\"elementor-section elementor-top-section elementor-element elementor-element-2d9ce32 elementor-section-full_width elementor-section-stretched elementor-section-height-default elementor-section-height-default\" data-id=\"2d9ce32\" data-element_type=\"section\" data-e-type=\"section\" data-settings=\"{&quot;stretch_section&quot;:&quot;section-stretched&quot;,&quot;background_background&quot;:&quot;classic&quot;}\">\n\t\t\t\t\t\t<div class=\"elementor-container elementor-column-gap-default\">\n\t\t\t\t\t<div class=\"elementor-column elementor-col-100 elementor-top-column elementor-element elementor-element-5d05af06\" data-id=\"5d05af06\" data-element_type=\"column\" data-e-type=\"column\">\n\t\t\t<div class=\"elementor-widget-wrap elementor-element-populated\">\n\t\t\t\t\t\t<section class=\"elementor-section elementor-inner-section elementor-element elementor-element-296a7b29 elementor-section-boxed elementor-section-height-default elementor-section-height-default\" data-id=\"296a7b29\" data-element_type=\"section\" data-e-type=\"section\">\n\t\t\t\t\t\t<div class=\"elementor-container elementor-column-gap-wider\">\n\t\t\t\t\t<div class=\"elementor-column elementor-col-50 elementor-inner-column elementor-element elementor-element-9ae9e82\" data-id=\"9ae9e82\" data-element_type=\"column\" data-e-type=\"column\">\n\t\t\t<div class=\"elementor-widget-wrap elementor-element-populated\">\n\t\t\t\t\t\t<div class=\"elementor-element elementor-element-79e50aba elementor-widget elementor-widget-neuros_heading\" data-id=\"79e50aba\" data-element_type=\"widget\" data-e-type=\"widget\" data-widget_type=\"neuros_heading.default\">\n\t\t\t\t<div class=\"elementor-widget-container\">\n\t\t\t\t\t<div class=\"neuros-heading-widget\"><h3 class=\"neuros-heading\"><span class=\"neuros-heading-content has_gradient_color_text\">Magento B2B-toiminnot \u2013 juuri oikeat ty\u00f6kalut<\/span><\/h3><\/div>\t\t\t\t<\/div>\n\t\t\t\t<\/div>\n\t\t\t\t<div class=\"elementor-element elementor-element-6f7b438b elementor-widget elementor-widget-text-editor\" data-id=\"6f7b438b\" data-element_type=\"widget\" data-e-type=\"widget\" data-widget_type=\"text-editor.default\">\n\t\t\t\t<div class=\"elementor-widget-container\">\n\t\t\t\t\t\t\t\t\t<p>Magento (Adobe Commerce) tarjoaa kattavat sis\u00e4\u00e4nrakennetut ominaisuudet B2B-myyntiin:<\/p><ul><li>Asiakasryhm\u00e4t ja roolit (esim. ostaja, hyv\u00e4ksyj\u00e4, p\u00e4\u00e4k\u00e4ytt\u00e4j\u00e4)<\/li><li>Sopimushinnat ja henkil\u00f6kohtaiset tuotevalikoimat<\/li><li>Tilausrajat, luottorajat ja maksuehdot<\/li><li>Tarjouspyynn\u00f6t ja laskutustilit<\/li><li>Ostolistat, pikatilaukset ja uudelleentilaukset<\/li><li>Reaaliaikaiset ERP-integraatiot (esim. saldo, hinta, tilaukset)<\/li><\/ul><p>Kaikki t\u00e4m\u00e4 skaalautuu tuhansien tuotteiden, asiakkaiden ja tilausten k\u00e4ytt\u00f6\u00f6n.<\/p>\t\t\t\t\t\t\t\t<\/div>\n\t\t\t\t<\/div>\n\t\t\t\t\t<\/div>\n\t\t<\/div>\n\t\t\t\t<div class=\"elementor-column elementor-col-50 elementor-inner-column elementor-element elementor-element-1b48ae53\" data-id=\"1b48ae53\" data-element_type=\"column\" data-e-type=\"column\">\n\t\t\t<div class=\"elementor-widget-wrap elementor-element-populated\">\n\t\t\t\t\t\t<div class=\"elementor-element elementor-element-6a3e5b2c elementor-widget elementor-widget-neuros_heading\" data-id=\"6a3e5b2c\" data-element_type=\"widget\" data-e-type=\"widget\" data-widget_type=\"neuros_heading.default\">\n\t\t\t\t<div class=\"elementor-widget-container\">\n\t\t\t\t\t<div class=\"neuros-heading-widget\"><h3 class=\"neuros-heading\"><span class=\"neuros-heading-content has_gradient_color_text\">Miksi valita Codaone?<\/span><\/h3><\/div>\t\t\t\t<\/div>\n\t\t\t\t<\/div>\n\t\t\t\t<div class=\"elementor-element elementor-element-4d4db747 elementor-widget elementor-widget-text-editor\" data-id=\"4d4db747\" data-element_type=\"widget\" data-e-type=\"widget\" data-widget_type=\"text-editor.default\">\n\t\t\t\t<div class=\"elementor-widget-container\">\n\t\t\t\t\t\t\t\t\t<ul><li>Magento -sertifioidut asiantuntijat<\/li><li>Kokemusta vaativista B2B-projekteista eri toimialoilla<\/li><li>Valmiit integraatiot ERP-, logistiikka- ja maksuj\u00e4rjestelmiin<\/li><li>R\u00e4\u00e4t\u00e4l\u00f6it\u00e4v\u00e4 ulkoasu ja ostokokemus \u2013 my\u00f6s mobiilissa<\/li><li>Jatkuva kehitys, valvonta ja tuki<\/li><\/ul><p>Olemme rakentaneet B2B-verkkokauppoja esimerkiksi jakelijoille, tukkureille, valmistajille ja apteekkialalle. Monilla toimialoilla verkkokauppa on noussut t\u00e4rkeimm\u00e4ksi myyntikanavaksi \u2013 ja se vaatii oikein tehdyn teknisen perustan.<\/p>\t\t\t\t\t\t\t\t<\/div>\n\t\t\t\t<\/div>\n\t\t\t\t\t<\/div>\n\t\t<\/div>\n\t\t\t\t\t<\/div>\n\t\t<\/section>\n\t\t\t\t\t<\/div>\n\t\t<\/div>\n\t\t\t\t\t<\/div>\n\t\t<\/section>\n\t\t\t\t<section class=\"elementor-section elementor-top-section elementor-element elementor-element-4b3c25b elementor-section-boxed elementor-section-height-default elementor-section-height-default\" data-id=\"4b3c25b\" data-element_type=\"section\" data-e-type=\"section\" id=\"info\">\n\t\t\t\t\t\t<div class=\"elementor-container elementor-column-gap-default\">\n\t\t\t\t\t<div class=\"elementor-column elementor-col-50 elementor-top-column elementor-element elementor-element-2d23e6c\" data-id=\"2d23e6c\" data-element_type=\"column\" data-e-type=\"column\">\n\t\t\t<div class=\"elementor-widget-wrap elementor-element-populated\">\n\t\t\t\t\t\t<div class=\"elementor-element elementor-element-dae0ac0 elementor-widget elementor-widget-neuros_heading\" data-id=\"dae0ac0\" data-element_type=\"widget\" data-e-type=\"widget\" data-widget_type=\"neuros_heading.default\">\n\t\t\t\t<div class=\"elementor-widget-container\">\n\t\t\t\t\t<div class=\"neuros-heading-widget\"><h3 class=\"neuros-heading\"><span class=\"neuros-heading-content has_gradient_color_text\">Ota seuraava askel B2B-myyntisi kehitt\u00e4misess\u00e4<\/span><\/h3><\/div>\t\t\t\t<\/div>\n\t\t\t\t<\/div>\n\t\t\t\t<div class=\"elementor-element elementor-element-dfae1e1 elementor-widget elementor-widget-text-editor\" data-id=\"dfae1e1\" data-element_type=\"widget\" data-e-type=\"widget\" data-widget_type=\"text-editor.default\">\n\t\t\t\t<div class=\"elementor-widget-container\">\n\t\t\t\t\t\t\t\t\t<p>Oli kyse t\u00e4ysin uudesta verkkokaupasta tai nykyisen digitalisoimisesta, Codaone auttaa. Rakennetaan yhdess\u00e4 verkkokauppa, joka ymm\u00e4rt\u00e4\u00e4 ostamisen logiikkaa \u2013 ja kasvattaa liiketoimintaasi.<\/p><p><strong>Ota yhteytt\u00e4 ja kartoitetaan, millainen B2B-verkkokauppa sopii juuri sinun yrityksellesi.<\/strong><\/p>\t\t\t\t\t\t\t\t<\/div>\n\t\t\t\t<\/div>\n\t\t\t\t<div class=\"elementor-element elementor-element-e5f5125 neuros-button-type-simple neuros-button-border-style-solid neuros-button-bakground-style-solid elementor-widget elementor-widget-neuros_button\" data-id=\"e5f5125\" data-element_type=\"widget\" data-e-type=\"widget\" data-widget_type=\"neuros_button.default\">\n\t\t\t\t<div class=\"elementor-widget-container\">\n\t\t\t\t\t\n        <div class=\"button-widget\">\n            <div class=\"button-container\">\n                                <a class=\"neuros-button\" href=\"#contact\" href=\"#contact\" target=\"_blank\">Kyll\u00e4 kiitos, haluan kuulla lis\u00e4\u00e4                        <span class=\"icon-button-arrow left\"><\/span><span class=\"icon-button-arrow right\"><\/span>                    \n                    <span class=\"button-inner\"><\/span>\n                <\/a>\n                            <\/div>\n        <\/div>\n        \t\t\t\t<\/div>\n\t\t\t\t<\/div>\n\t\t\t\t\t<\/div>\n\t\t<\/div>\n\t\t\t\t<div class=\"elementor-column elementor-col-50 elementor-top-column elementor-element elementor-element-a2981b8\" data-id=\"a2981b8\" data-element_type=\"column\" data-e-type=\"column\">\n\t\t\t<div class=\"elementor-widget-wrap\">\n\t\t\t\t\t\t\t<\/div>\n\t\t<\/div>\n\t\t\t\t\t<\/div>\n\t\t<\/section>\n\t\t\t\t<section class=\"elementor-section elementor-top-section elementor-element elementor-element-40bcf9c1 elementor-section-boxed elementor-section-height-default elementor-section-height-default\" data-id=\"40bcf9c1\" data-element_type=\"section\" data-e-type=\"section\" id=\"contact\" data-settings=\"{&quot;background_background&quot;:&quot;video&quot;}\">\n\t\t\t\t\t\t<div class=\"elementor-container elementor-column-gap-wide\">\n\t\t\t\t\t<div class=\"elementor-column elementor-col-50 elementor-top-column elementor-element elementor-element-4dd0cf27\" data-id=\"4dd0cf27\" data-element_type=\"column\" data-e-type=\"column\">\n\t\t\t<div class=\"elementor-widget-wrap elementor-element-populated\">\n\t\t\t\t\t\t<section class=\"elementor-section elementor-inner-section elementor-element elementor-element-73da0670 elementor-section-boxed elementor-section-height-default elementor-section-height-default\" data-id=\"73da0670\" data-element_type=\"section\" data-e-type=\"section\">\n\t\t\t\t\t\t<div class=\"elementor-container elementor-column-gap-default\">\n\t\t\t\t\t<div class=\"elementor-column elementor-col-100 elementor-inner-column elementor-element elementor-element-2f715b38\" data-id=\"2f715b38\" data-element_type=\"column\" data-e-type=\"column\">\n\t\t\t<div class=\"elementor-widget-wrap elementor-element-populated\">\n\t\t\t\t\t\t<div class=\"elementor-element elementor-element-5aac5d70 elementor-widget elementor-widget-neuros_heading\" data-id=\"5aac5d70\" data-element_type=\"widget\" data-e-type=\"widget\" data-widget_type=\"neuros_heading.default\">\n\t\t\t\t<div class=\"elementor-widget-container\">\n\t\t\t\t\t<div class=\"neuros-heading-widget\"><h2 class=\"neuros-heading\"><span class=\"neuros-subheading\">ota yhteytt\u00e4<\/span><span class=\"neuros-heading-content has_gradient_color_text\">Kiinnostaisiko kehitt\u00e4\u00e4 B2B-myynti\u00e4 verkossa?<\/span><\/h2><\/div>\t\t\t\t<\/div>\n\t\t\t\t<\/div>\n\t\t\t\t<div class=\"elementor-element elementor-element-7f892c83 elementor-widget elementor-widget-text-editor\" data-id=\"7f892c83\" data-element_type=\"widget\" data-e-type=\"widget\" data-widget_type=\"text-editor.default\">\n\t\t\t\t<div class=\"elementor-widget-container\">\n\t\t\t\t\t\t\t\t\t<p>Oikein rakennettu B2B-verkkokauppa ei vain korvaa myyntity\u00f6t\u00e4 \u2013 se tehostaa sit\u00e4. Kerro meille nykytilanteesi, niin katsotaan yhdess\u00e4, miten Magento voi auttaa liiketoimintaasi kasvamaan.<\/p>\t\t\t\t\t\t\t\t<\/div>\n\t\t\t\t<\/div>\n\t\t\t\t\t<\/div>\n\t\t<\/div>\n\t\t\t\t\t<\/div>\n\t\t<\/section>\n\t\t\t\t\t<\/div>\n\t\t<\/div>\n\t\t\t\t<div class=\"elementor-column elementor-col-50 elementor-top-column elementor-element elementor-element-37a19e7d\" data-id=\"37a19e7d\" data-element_type=\"column\" data-e-type=\"column\" data-settings=\"{&quot;background_background&quot;:&quot;classic&quot;}\">\n\t\t\t<div class=\"elementor-widget-wrap elementor-element-populated\">\n\t\t\t\t\t\t<div class=\"elementor-element elementor-element-3bc0dfbb wpforms-button-border-style-solid wpforms-button-bakground-style-solid elementor-widget elementor-widget-neuros_wpforms\" data-id=\"3bc0dfbb\" data-element_type=\"widget\" data-e-type=\"widget\" data-widget_type=\"neuros_wpforms.default\">\n\t\t\t\t<div class=\"elementor-widget-container\">\n\t\t\t\t\t        <div class=\"neuros-wpforms-widget\">\n            <h4 class=\"wpforms-widget-heading neuros-heading\"><span class=\"neuros-heading-content\">Ota yhteytt\u00e4<\/span><\/h4><div class=\"wpforms-container wpforms-container-full wpforms-render-modern\" id=\"wpforms-23024\"><form id=\"wpforms-form-23024\" class=\"wpforms-validate wpforms-form wpforms-ajax-form\" data-formid=\"23024\" method=\"post\" enctype=\"multipart\/form-data\" action=\"\/fi\/wp-json\/wp\/v2\/pages\/24453\" data-token=\"db7b4a99bd9a0052c6ab9e218137c1be\" data-token-time=\"1776212032\"><div class=\"wpforms-head-container\"><div class=\"wpforms-description\">Tarvitsetko apua Magento -verkkokaupan suunnittelussa, kehityksess\u00e4 tai optimoinnissa? Kerro meille tarpeistasi, niin etsit\u00e4\u00e4n yhdess\u00e4 paras ratkaisu. Ota yhteytt\u00e4 \u2013 autamme mielell\u00e4mme!<\/div><\/div><noscript class=\"wpforms-error-noscript\">Please enable JavaScript in your browser to complete this form.<\/noscript><div class=\"wpforms-hidden\" id=\"wpforms-error-noscript\">Please enable JavaScript in your browser to complete this form.<\/div><div class=\"wpforms-field-container\"><div id=\"wpforms-23024-field_1-container\" class=\"wpforms-field wpforms-field-text\" data-field-id=\"1\"><label class=\"wpforms-field-label wpforms-label-hide\" for=\"wpforms-23024-field_1\" aria-hidden=\"false\">Full Name <span class=\"wpforms-required-label\" aria-hidden=\"true\">*<\/span><\/label><input type=\"text\" id=\"wpforms-23024-field_1\" class=\"wpforms-field-large wpforms-field-required\" name=\"wpforms[fields][1]\" placeholder=\"Nimi\" aria-errormessage=\"wpforms-23024-field_1-error\" required><\/div><div id=\"wpforms-23024-field_3-container\" class=\"wpforms-field wpforms-field-email\" data-field-id=\"3\"><label class=\"wpforms-field-label wpforms-label-hide\" for=\"wpforms-23024-field_3\" aria-hidden=\"false\">Email <span class=\"wpforms-required-label\" aria-hidden=\"true\">*<\/span><\/label><input type=\"email\" id=\"wpforms-23024-field_3\" class=\"wpforms-field-large wpforms-field-required\" name=\"wpforms[fields][3]\" placeholder=\"S\u00e4hk\u00f6posti\" spellcheck=\"false\" aria-errormessage=\"wpforms-23024-field_3-error\" required><\/div><div id=\"wpforms-23024-field_4-container\" class=\"wpforms-field wpforms-field-text\" data-field-id=\"4\"><label class=\"wpforms-field-label wpforms-label-hide\" for=\"wpforms-23024-field_4\" aria-hidden=\"false\">Subject <span class=\"wpforms-required-label\" aria-hidden=\"true\">*<\/span><\/label><input type=\"text\" id=\"wpforms-23024-field_4\" class=\"wpforms-field-large wpforms-field-required\" name=\"wpforms[fields][4]\" placeholder=\"Aihe\" aria-errormessage=\"wpforms-23024-field_4-error\" required><\/div><div id=\"wpforms-23024-field_5-container\" class=\"wpforms-field wpforms-field-textarea\" data-field-id=\"5\"><label class=\"wpforms-field-label wpforms-label-hide\" for=\"wpforms-23024-field_5\" aria-hidden=\"false\">Message<\/label><textarea id=\"wpforms-23024-field_5\" class=\"wpforms-field-small\" name=\"wpforms[fields][5]\" placeholder=\"Viesti\" aria-errormessage=\"wpforms-23024-field_5-error\" ><\/textarea><\/div><\/div><!-- .wpforms-field-container --><div class=\"wpforms-recaptcha-container wpforms-is-recaptcha wpforms-is-recaptcha-type-v3\" ><input type=\"hidden\" name=\"wpforms[recaptcha]\" value=\"\"><\/div><div class=\"wpforms-submit-container\" ><input type=\"hidden\" name=\"wpforms[id]\" value=\"23024\"><input type=\"hidden\" name=\"page_title\" value=\"\"><input type=\"hidden\" name=\"page_url\" value=\"https:\/\/www.codaone.fi\/fi\/wp-json\/wp\/v2\/pages\/24453\"><input type=\"hidden\" name=\"url_referer\" value=\"\"><button type=\"submit\" name=\"wpforms[submit]\" id=\"wpforms-submit-23024\" class=\"wpforms-submit\" data-alt-text=\"L\u00e4hetet\u00e4\u00e4n..\" data-submit-text=\"L\u00e4het\u00e4 viesti\" aria-live=\"assertive\" value=\"wpforms-submit\">L\u00e4het\u00e4 viesti<\/button><img decoding=\"async\" src=\"https:\/\/www.codaone.fi\/wp-content\/plugins\/wpforms\/assets\/images\/submit-spin.svg\" class=\"wpforms-submit-spinner\" style=\"display: none;\" width=\"26\" height=\"26\" alt=\"Loading\"><\/div><\/form><\/div>  <!-- .wpforms-container -->        <\/div>\n        \t\t\t\t<\/div>\n\t\t\t\t<\/div>\n\t\t\t\t\t<\/div>\n\t\t<\/div>\n\t\t\t\t\t<\/div>\n\t\t<\/section>\n\t\t\t\t<\/div>\n\t\t","protected":false},"excerpt":{"rendered":"<p>B2B-verkkokauppa ei ole vain \u201ckuluttajakauppa eri asiakkaille\u201d. Yritysasiakkailla on usein omat sopimushinnat, tilausrajat, hyv\u00e4ksynt\u00e4prosessit ja tuotetarpeet \u2013 eik\u00e4 n\u00e4it\u00e4 voi hoitaa s\u00e4hk\u00f6postilla ja Excelill\u00e4 loputtomiin. Me Codaonella autamme rakentamaan nykyaikaisen B2B-verkkokaupan, joka istuu saumattomasti yrityksesi toimintamalliin ja tukee tehokasta myynti\u00e4 \u2013&#8230;<\/p>\n","protected":false},"author":2,"featured_media":0,"parent":3486,"menu_order":0,"comment_status":"closed","ping_status":"closed","template":"","meta":{"footnotes":""},"class_list":["post-24453","page","type-page","status-publish","hentry"],"_links":{"self":[{"href":"https:\/\/www.codaone.fi\/fi\/wp-json\/wp\/v2\/pages\/24453","targetHints":{"allow":["GET"]}}],"collection":[{"href":"https:\/\/www.codaone.fi\/fi\/wp-json\/wp\/v2\/pages"}],"about":[{"href":"https:\/\/www.codaone.fi\/fi\/wp-json\/wp\/v2\/types\/page"}],"author":[{"embeddable":true,"href":"https:\/\/www.codaone.fi\/fi\/wp-json\/wp\/v2\/users\/2"}],"replies":[{"embeddable":true,"href":"https:\/\/www.codaone.fi\/fi\/wp-json\/wp\/v2\/comments?post=24453"}],"version-history":[{"count":13,"href":"https:\/\/www.codaone.fi\/fi\/wp-json\/wp\/v2\/pages\/24453\/revisions"}],"predecessor-version":[{"id":25580,"href":"https:\/\/www.codaone.fi\/fi\/wp-json\/wp\/v2\/pages\/24453\/revisions\/25580"}],"up":[{"embeddable":true,"href":"https:\/\/www.codaone.fi\/fi\/wp-json\/wp\/v2\/pages\/3486"}],"wp:attachment":[{"href":"https:\/\/www.codaone.fi\/fi\/wp-json\/wp\/v2\/media?parent=24453"}],"curies":[{"name":"wp","href":"https:\/\/api.w.org\/{rel}","templated":true}]}}