{"id":24005,"date":"2025-04-02T08:26:47","date_gmt":"2025-04-02T05:26:47","guid":{"rendered":"https:\/\/www.codaone.fi\/?page_id=24005"},"modified":"2026-01-23T21:31:49","modified_gmt":"2026-01-23T19:31:49","slug":"magento-faq","status":"publish","type":"page","link":"https:\/\/www.codaone.fi\/fi\/magento-faq\/","title":{"rendered":"Magento FAQ"},"content":{"rendered":"<p>Codaone tarjoaa asiantuntevia integraatiopalveluja Magento 2 -verkkokauppojen ja muiden j\u00e4rjestelmien v\u00e4lille.<\/p>\n<p>Integraatiot voivat parantaa verkkokauppasi suorituskyky\u00e4, tehostaa liiketoimintaprosesseja ja v\u00e4hent\u00e4\u00e4 manuaalisia virheit\u00e4. Autamme sinua yhdist\u00e4m\u00e4\u00e4n j\u00e4rjestelm\u00e4t saumattomasti niin, ett\u00e4 verkkokauppasi toimii tehokkaasti ja sujuvasti.<\/p>\n<p>Integraatiot v\u00e4hent\u00e4v\u00e4t manuaalisten teht\u00e4vien m\u00e4\u00e4r\u00e4\u00e4, kuten tilausten sy\u00f6tt\u00e4mist\u00e4, varaston p\u00e4ivityksi\u00e4 ja asiakasdataa. T\u00e4m\u00e4 s\u00e4\u00e4st\u00e4\u00e4 aikaa ja v\u00e4hent\u00e4\u00e4 virheit\u00e4.<\/p>\n<p>Integraatioiden avulla voimme yhdist\u00e4\u00e4 asiakastiedot eri j\u00e4rjestelmiin ja tarjota asiakkaille paremman ja nopeamman palvelun. Esimerkiksi tilausten ja maksujen automaattinen k\u00e4sittely parantaa ostokokemusta.<\/p>\n<p>P\u00e4ivit\u00e4 tuote-, asiakas- ja tilaustiedot automaattisesti eri j\u00e4rjestelmiin, kuten <b>ERP, PIM, WMS ja CRM<\/b>, ilman manuaalista ty\u00f6t\u00e4. N\u00e4in varmistat ajantasaisen tiedon kaikissa j\u00e4rjestelmiss\u00e4.<\/p>\n<p>Tehokkaasti toteutetut integraatiot auttavat optimoimaan resurssien k\u00e4ytt\u00f6\u00e4 ja est\u00e4v\u00e4t p\u00e4\u00e4llekk\u00e4isten j\u00e4rjestelmien k\u00e4yt\u00f6n.<\/p>\n<p>\u00a0<b>Magento 2 -asiantuntijat<br \/><\/b>Codaonen tiimi on erikoistunut Magento 2 -alustaan ja sill\u00e4 on laaja kokemus integraatioista eri liiketoiminta-alustoihin ja j\u00e4rjestelmiin.<\/p>\n<p><b>R\u00e4\u00e4t\u00e4l\u00f6idyt integraatiot<br \/><\/b>Suunnittelemme ja toteutamme integraatiot aina asiakkaan liiketoimintatarpeiden mukaan. Ei geneerisi\u00e4 ratkaisuja \u2013 vain kustomoituja ja optimoituja toteutuksia.<\/p>\n<p><b>Kokemus ja luotettavuus<br \/><\/b>Codaone on ollut mukana lukuisten Magento 2 -verkkokauppojen kehityksess\u00e4, joissa integraatioilla on ollut keskeinen rooli liiketoiminnan sujuvuuden ja skaalautuvuuden varmistamisessa.<\/p>\n<p><b>Jatkuva tuki ja kehitys<br \/><\/b>Integraatioiden lis\u00e4ksi tarjoamme jatkuvaa tukea, yll\u00e4pitoa ja kehityst\u00e4 \u2013 jotta kaikki j\u00e4rjestelm\u00e4t toimivat saumattomasti my\u00f6s tulevaisuudessa.<\/p>\n<p>s<\/p>\n<p>Ota yhteytt\u00e4 asiantuntijatiimiimme ja suunnitellaan yhdess\u00e4 integraatio, joka vie verkkokauppasi uudelle tasolle!<\/p>\n<p><a href=\"tel:+358753251150\">+358 75 325 1150<\/a><\/p>\n<p>info@codaone.fi<\/p>\n<p>Bertel Jungin aukio 5<br \/>02600 Espoo<\/p>\n<p>\t\t\t\t\t<a href=\"https:\/\/twitter.com\/\" target=\"_blank\" rel=\"nofollow noopener\"><br \/>\n\t\t\t\t\t\tX-twitter<br \/>\n\t\t\t\t\t\t\t\t\t\t\t<\/a><br \/>\n\t\t\t\t\t<a href=\"https:\/\/www.linkedin.com\/\" target=\"_blank\" rel=\"nofollow noopener\"><br \/>\n\t\t\t\t\t\tLinkedin-in<br \/>\n\t\t\t\t\t\t\t\t\t\t\t<\/a><\/p>\n","protected":false},"excerpt":{"rendered":"<p>Codaone tarjoaa asiantuntevia integraatiopalveluja Magento 2 -verkkokauppojen ja muiden j\u00e4rjestelmien v\u00e4lille. Integraatiot voivat parantaa verkkokauppasi suorituskyky\u00e4, tehostaa liiketoimintaprosesseja ja v\u00e4hent\u00e4\u00e4 manuaalisia virheit\u00e4. Autamme sinua yhdist\u00e4m\u00e4\u00e4n j\u00e4rjestelm\u00e4t saumattomasti niin, ett\u00e4 verkkokauppasi toimii tehokkaasti ja sujuvasti. Integraatiot v\u00e4hent\u00e4v\u00e4t manuaalisten teht\u00e4vien m\u00e4\u00e4r\u00e4\u00e4, kuten tilausten&#8230;<\/p>\n","protected":false},"author":2,"featured_media":0,"parent":0,"menu_order":0,"comment_status":"closed","ping_status":"closed","template":"","meta":{"footnotes":""},"class_list":["post-24005","page","type-page","status-publish","hentry"],"_links":{"self":[{"href":"https:\/\/www.codaone.fi\/fi\/wp-json\/wp\/v2\/pages\/24005","targetHints":{"allow":["GET"]}}],"collection":[{"href":"https:\/\/www.codaone.fi\/fi\/wp-json\/wp\/v2\/pages"}],"about":[{"href":"https:\/\/www.codaone.fi\/fi\/wp-json\/wp\/v2\/types\/page"}],"author":[{"embeddable":true,"href":"https:\/\/www.codaone.fi\/fi\/wp-json\/wp\/v2\/users\/2"}],"replies":[{"embeddable":true,"href":"https:\/\/www.codaone.fi\/fi\/wp-json\/wp\/v2\/comments?post=24005"}],"version-history":[{"count":20,"href":"https:\/\/www.codaone.fi\/fi\/wp-json\/wp\/v2\/pages\/24005\/revisions"}],"predecessor-version":[{"id":25645,"href":"https:\/\/www.codaone.fi\/fi\/wp-json\/wp\/v2\/pages\/24005\/revisions\/25645"}],"wp:attachment":[{"href":"https:\/\/www.codaone.fi\/fi\/wp-json\/wp\/v2\/media?parent=24005"}],"curies":[{"name":"wp","href":"https:\/\/api.w.org\/{rel}","templated":true}]}}