{"id":23710,"date":"2025-03-28T19:04:35","date_gmt":"2025-03-28T17:04:35","guid":{"rendered":"https:\/\/www.codaone.fi\/?page_id=23710"},"modified":"2025-12-05T13:53:45","modified_gmt":"2025-12-05T11:53:45","slug":"verkkokaupan-jatkuva-kehitys-ja-yllapito","status":"publish","type":"page","link":"https:\/\/www.codaone.fi\/fi\/palvelut\/verkkokaupan-jatkuva-kehitys-ja-yllapito\/","title":{"rendered":"Verkkokaupan jatkuva kehitys ja yll\u00e4pito"},"content":{"rendered":"\t\t<div data-elementor-type=\"wp-page\" data-elementor-id=\"23710\" class=\"elementor elementor-23710\">\n\t\t\t\t\t\t<section class=\"elementor-section elementor-top-section elementor-element elementor-element-4fab0e5 elementor-section-stretched elementor-section-boxed elementor-section-height-default elementor-section-height-default\" data-id=\"4fab0e5\" data-element_type=\"section\" data-e-type=\"section\" data-settings=\"{&quot;stretch_section&quot;:&quot;section-stretched&quot;}\">\n\t\t\t\t\t\t<div class=\"elementor-container elementor-column-gap-wide\">\n\t\t\t\t\t<div class=\"elementor-column elementor-col-50 elementor-top-column elementor-element elementor-element-26218459\" data-id=\"26218459\" data-element_type=\"column\" data-e-type=\"column\">\n\t\t\t<div class=\"elementor-widget-wrap elementor-element-populated\">\n\t\t\t\t\t\t<div class=\"elementor-element elementor-element-71bd22a6 elementor-widget elementor-widget-image\" data-id=\"71bd22a6\" data-element_type=\"widget\" data-e-type=\"widget\" data-widget_type=\"image.default\">\n\t\t\t\t<div class=\"elementor-widget-container\">\n\t\t\t\t\t\t\t\t\t\t\t\t\t\t\t<img fetchpriority=\"high\" decoding=\"async\" width=\"530\" height=\"444\" src=\"https:\/\/www.codaone.fi\/wp-content\/uploads\/2025\/02\/codaone_logo_merkkiosa_sininen.png\" class=\"attachment-large size-large wp-image-23033\" alt=\"\" srcset=\"https:\/\/www.codaone.fi\/wp-content\/uploads\/2025\/02\/codaone_logo_merkkiosa_sininen.png 530w, https:\/\/www.codaone.fi\/wp-content\/uploads\/2025\/02\/codaone_logo_merkkiosa_sininen-300x251.png 300w\" sizes=\"(max-width: 530px) 100vw, 530px\">\t\t\t\t\t\t\t\t\t\t\t\t\t\t\t<\/div>\n\t\t\t\t<\/div>\n\t\t\t\t\t<\/div>\n\t\t<\/div>\n\t\t\t\t<div class=\"elementor-column elementor-col-50 elementor-top-column elementor-element elementor-element-7ae39908\" data-id=\"7ae39908\" data-element_type=\"column\" data-e-type=\"column\">\n\t\t\t<div class=\"elementor-widget-wrap elementor-element-populated\">\n\t\t\t\t\t\t<div class=\"elementor-element elementor-element-1b86a7cf elementor-invisible elementor-widget elementor-widget-neuros_heading\" data-id=\"1b86a7cf\" data-element_type=\"widget\" data-e-type=\"widget\" data-settings=\"{&quot;_animation&quot;:&quot;neuros_heading_animation&quot;,&quot;_animation_delay&quot;:300}\" data-widget_type=\"neuros_heading.default\">\n\t\t\t\t<div class=\"elementor-widget-container\">\n\t\t\t\t\t<div class=\"neuros-heading-widget\"><h2 class=\"neuros-heading\"><span class=\"neuros-subheading\">kehitys ja yll\u00e4pito<\/span><span class=\"neuros-heading-content has_gradient_color_text\">Jatkuva kehitys ja yll\u00e4pito Adobe Commerce (Magento) -verkkokaupoille<\/span><\/h2><\/div>\t\t\t\t<\/div>\n\t\t\t\t<\/div>\n\t\t\t\t<div class=\"elementor-element elementor-element-4715dcf elementor-widget elementor-widget-text-editor\" data-id=\"4715dcf\" data-element_type=\"widget\" data-e-type=\"widget\" data-widget_type=\"text-editor.default\">\n\t\t\t\t<div class=\"elementor-widget-container\">\n\t\t\t\t\t\t\t\t\t<p>Hyvin toimiva verkkokauppa ei ole koskaan valmis \u2013 se el\u00e4\u00e4, kehittyy ja kasvaa liiketoimintasi mukana.<\/p><p>Codaonen jatkuvan kehityksen ja yll\u00e4pidon palvelut pit\u00e4v\u00e4t verkkokauppasi suorituskykyisen\u00e4, turvallisena ja kilpailukykyisen\u00e4 \u2013 vuoden jokaisena p\u00e4iv\u00e4n\u00e4.<\/p>\t\t\t\t\t\t\t\t<\/div>\n\t\t\t\t<\/div>\n\t\t\t\t<div class=\"elementor-element elementor-element-15660c6d neuros-button-type-simple neuros-button-border-style-solid neuros-button-bakground-style-solid elementor-widget elementor-widget-neuros_button\" data-id=\"15660c6d\" data-element_type=\"widget\" data-e-type=\"widget\" data-widget_type=\"neuros_button.default\">\n\t\t\t\t<div class=\"elementor-widget-container\">\n\t\t\t\t\t\n        <div class=\"button-widget\">\n            <div class=\"button-container\">\n                                <a class=\"neuros-button\" href=\"#content\" href=\"#content\">Lue lis\u00e4\u00e4                        <span class=\"icon-button-arrow left\"><\/span><span class=\"icon-button-arrow right\"><\/span>                    \n                    <span class=\"button-inner\"><\/span>\n                <\/a>\n                            <\/div>\n        <\/div>\n        \t\t\t\t<\/div>\n\t\t\t\t<\/div>\n\t\t\t\t\t<\/div>\n\t\t<\/div>\n\t\t\t\t\t<\/div>\n\t\t<\/section>\n\t\t\t\t<section class=\"elementor-section elementor-top-section elementor-element elementor-element-26261de5 elementor-section-full_width elementor-section-stretched elementor-section-height-default elementor-section-height-default\" data-id=\"26261de5\" data-element_type=\"section\" data-e-type=\"section\" id=\"content\" data-settings=\"{&quot;stretch_section&quot;:&quot;section-stretched&quot;,&quot;background_background&quot;:&quot;classic&quot;}\">\n\t\t\t\t\t\t<div class=\"elementor-container elementor-column-gap-default\">\n\t\t\t\t\t<div class=\"elementor-column elementor-col-100 elementor-top-column elementor-element elementor-element-7287918a\" data-id=\"7287918a\" data-element_type=\"column\" data-e-type=\"column\">\n\t\t\t<div class=\"elementor-widget-wrap elementor-element-populated\">\n\t\t\t\t\t\t<section class=\"elementor-section elementor-inner-section elementor-element elementor-element-35578be9 elementor-section-boxed elementor-section-height-default elementor-section-height-default\" data-id=\"35578be9\" data-element_type=\"section\" data-e-type=\"section\">\n\t\t\t\t\t\t<div class=\"elementor-container elementor-column-gap-wider\">\n\t\t\t\t\t<div class=\"elementor-column elementor-col-50 elementor-inner-column elementor-element elementor-element-13058992\" data-id=\"13058992\" data-element_type=\"column\" data-e-type=\"column\">\n\t\t\t<div class=\"elementor-widget-wrap elementor-element-populated\">\n\t\t\t\t\t\t<div class=\"elementor-element elementor-element-2137e02e elementor-widget elementor-widget-neuros_heading\" data-id=\"2137e02e\" data-element_type=\"widget\" data-e-type=\"widget\" data-widget_type=\"neuros_heading.default\">\n\t\t\t\t<div class=\"elementor-widget-container\">\n\t\t\t\t\t<div class=\"neuros-heading-widget\"><h4 class=\"neuros-heading\"><span class=\"neuros-heading-content has_gradient_color_text\">Miksi jatkuva kehitys kannattaa?<\/span><\/h4><\/div>\t\t\t\t<\/div>\n\t\t\t\t<\/div>\n\t\t\t\t<div class=\"elementor-element elementor-element-6805283f elementor-widget elementor-widget-text-editor\" data-id=\"6805283f\" data-element_type=\"widget\" data-e-type=\"widget\" data-widget_type=\"text-editor.default\">\n\t\t\t\t<div class=\"elementor-widget-container\">\n\t\t\t\t\t\t\t\t\t<p class=\"p5\"><b>1. K\u00e4ytt\u00e4j\u00e4kokemus pysyy kilpailukykyisen\u00e4<br \/><\/b>Verkkokauppa ei ole koskaan valmis \u2013 eik\u00e4 maailma ymp\u00e4rill\u00e4 pys\u00e4hdy. Kilpailijat kehittyv\u00e4t, asiakasodotukset kasvavat ja teknologiat menev\u00e4t eteenp\u00e4in. Me varmistamme, ett\u00e4 kauppasi pysyy mukana \u2013 ostopolkua, k\u00e4ytett\u00e4vyytt\u00e4 ja nopeutta kehitt\u00e4m\u00e4ll\u00e4.<\/p><p class=\"p5\"><b>2. Myynti ja konversio kehittyv\u00e4t<br \/><\/b>Pienill\u00e4kin muutoksilla voi olla suuri vaikutus. Kehit\u00e4mme konversiopisteit\u00e4, kampanjarakenteita ja sis\u00e4lt\u00f6\u00e4 jatkuvasti \u2013 datan pohjalta ja tuloksia mitaten. T\u00e4m\u00e4 ei ole fiilispohjaista tuunailua, vaan konkreettista optimointia liiketoiminnan hyv\u00e4ksi.<\/p><p class=\"p5\"><b>3. Tekninen vakaus, tietoturva ja nopea reagointi<br \/><\/b><span class=\"s3\">P\u00e4ivit\u00e4mme alustan ja laajennukset s\u00e4\u00e4nn\u00f6llisesti, ennakoiden riskej\u00e4. <\/span><b>Usein tietoturvap\u00e4ivitykset ovat liven\u00e4 ennen kuin niist\u00e4 ehdit\u00e4\u00e4n virallisesti edes tiedottaa. <\/b>Valvomme kokonaisuutta aktiivisesti ja reagoimme nopeasti \u2013 jotta sinun ei tarvitse murehtia k\u00e4ytt\u00f6katkoista tai kriittisist\u00e4 haavoittuvuuksista.<\/p><p class=\"p5\"><b>4. Kasvu ei pys\u00e4hdy teknisiin rajoihin<br \/><\/b>Magento skaalautuu hyvin, mutta kasvu vaatii arkkitehtuurin, joka kehittyy mukana. Jatkuva kehitys est\u00e4\u00e4 pullonkaulojen syntymisen \u2013 ja mik\u00e4 t\u00e4rkeint\u00e4, <span class=\"s1\"><b>korjausvelkaa ei p\u00e4\u00e4se kasaantumaan. <\/b><\/span>Kun verkkokauppaa kehitet\u00e4\u00e4n jatkuvasti, uudet ominaisuudet eiv\u00e4t muutu yll\u00e4tt\u00e4en kalliiksi projekteiksi tai kasvun esteiksi.<\/p>\t\t\t\t\t\t\t\t<\/div>\n\t\t\t\t<\/div>\n\t\t\t\t\t<\/div>\n\t\t<\/div>\n\t\t\t\t<div class=\"elementor-column elementor-col-50 elementor-inner-column elementor-element elementor-element-1e4c0fbd\" data-id=\"1e4c0fbd\" data-element_type=\"column\" data-e-type=\"column\">\n\t\t\t<div class=\"elementor-widget-wrap elementor-element-populated\">\n\t\t\t\t\t\t<div class=\"elementor-element elementor-element-408a24cf elementor-widget elementor-widget-neuros_heading\" data-id=\"408a24cf\" data-element_type=\"widget\" data-e-type=\"widget\" data-widget_type=\"neuros_heading.default\">\n\t\t\t\t<div class=\"elementor-widget-container\">\n\t\t\t\t\t<div class=\"neuros-heading-widget\"><h4 class=\"neuros-heading\"><span class=\"neuros-heading-content has_gradient_color_text\">Mit\u00e4 jatkuva kehitys ja yll\u00e4pito voi sis\u00e4lt\u00e4\u00e4?<\/span><\/h4><\/div>\t\t\t\t<\/div>\n\t\t\t\t<\/div>\n\t\t\t\t<div class=\"elementor-element elementor-element-fefd4cd elementor-widget elementor-widget-text-editor\" data-id=\"fefd4cd\" data-element_type=\"widget\" data-e-type=\"widget\" data-widget_type=\"text-editor.default\">\n\t\t\t\t<div class=\"elementor-widget-container\">\n\t\t\t\t\t\t\t\t\t<p class=\"p7\"><b>Tekninen yll\u00e4pito<\/b><\/p><ul><li class=\"p8\">Magento verkkokauppa -version ja moduulien p\u00e4ivitykset<\/li><li class=\"p8\">Turvap\u00e4ivitykset ja virheenkorjaukset<\/li><li class=\"p8\">Tietokannan ja palvelinymp\u00e4rist\u00f6n seuranta<\/li><\/ul><p class=\"p7\"><b>Jatkuva kehitys<\/b><\/p><ul><li class=\"p8\">Uusien ominaisuuksien suunnittelu ja toteutus<\/li><li class=\"p8\">Toiminnallisuuksien parantaminen ja laajentaminen<\/li><li class=\"p8\">Integraatioiden jatkokehitys ja yll\u00e4pito<\/li><li class=\"p8\">Ulkoasun ja k\u00e4ytt\u00f6kokemuksen parantaminen<\/li><\/ul><p class=\"p7\"><b>Tuki ja reagointi<\/b><\/p><ul><li class=\"p8\">SLA-perusteinen vasteaika<\/li><li class=\"p8\">Nopea ongelmanratkaisu ja kehitysteht\u00e4vien toteutus<\/li><li class=\"p8\">Yhteisty\u00f6 asiakkaan tiimin kanssa: yhteiset suunnitelmat, roadmap ja sparraus<\/li><\/ul><p class=\"p7\"><b>Seuranta ja optimointi<\/b><\/p><ul><li class=\"p8\">Sivuston suorituskyvyn jatkuva seuranta<\/li><li class=\"p8\">Core Web Vitals, Google Analytics 4 ja konversiodata<\/li><li class=\"p8\">Raportointi ja kehitysehdotukset s\u00e4\u00e4nn\u00f6llisesti<\/li><\/ul>\t\t\t\t\t\t\t\t<\/div>\n\t\t\t\t<\/div>\n\t\t\t\t\t<\/div>\n\t\t<\/div>\n\t\t\t\t\t<\/div>\n\t\t<\/section>\n\t\t\t\t\t<\/div>\n\t\t<\/div>\n\t\t\t\t\t<\/div>\n\t\t<\/section>\n\t\t\t\t<section class=\"elementor-section elementor-top-section elementor-element elementor-element-3589082f elementor-section-boxed elementor-section-height-default elementor-section-height-default\" data-id=\"3589082f\" data-element_type=\"section\" data-e-type=\"section\">\n\t\t\t\t\t\t<div class=\"elementor-container elementor-column-gap-default\">\n\t\t\t\t\t<div class=\"elementor-column elementor-col-100 elementor-top-column elementor-element elementor-element-4b34c396\" data-id=\"4b34c396\" data-element_type=\"column\" data-e-type=\"column\">\n\t\t\t<div class=\"elementor-widget-wrap elementor-element-populated\">\n\t\t\t\t\t\t<div class=\"elementor-element elementor-element-7f6e9a22 elementor-widget elementor-widget-neuros_heading\" data-id=\"7f6e9a22\" data-element_type=\"widget\" data-e-type=\"widget\" data-widget_type=\"neuros_heading.default\">\n\t\t\t\t<div class=\"elementor-widget-container\">\n\t\t\t\t\t<div class=\"neuros-heading-widget\"><h3 class=\"neuros-heading\"><span class=\"neuros-heading-content has_gradient_color_text\">Mit\u00e4 jatkuva kehitys tarkoittaa k\u00e4yt\u00e4nn\u00f6ss\u00e4?<\/span><\/h3><\/div>\t\t\t\t<\/div>\n\t\t\t\t<\/div>\n\t\t\t\t<div class=\"elementor-element elementor-element-92237c6 elementor-widget elementor-widget-text-editor\" data-id=\"92237c6\" data-element_type=\"widget\" data-e-type=\"widget\" data-widget_type=\"text-editor.default\">\n\t\t\t\t<div class=\"elementor-widget-container\">\n\t\t\t\t\t\t\t\t\t<p class=\"p1\">Kun valitset Codaonen kumppaniksesi, saat enemm\u00e4n kuin pelk\u00e4n toteuttajan. Me huolehdimme verkkokauppasi teknisest\u00e4 kunnosta \u2013 <span class=\"s1\"><b>ennakoivasti, automaattisesti ja jatkuvasti.<\/b><\/span><\/p><p class=\"p1\">Adobe Commerce (Magento) -verkkokauppa vaatii s\u00e4\u00e4nn\u00f6llisi\u00e4 p\u00e4ivityksi\u00e4, valvontaa ja reagointia muuttuviin olosuhteisiin. Me vastaamme n\u00e4ist\u00e4 puolestasi \u2013 osana normaalia yhteisty\u00f6t\u00e4.<\/p><p class=\"p5\"><b>Palveluun sis\u00e4ltyy:<\/b><\/p><ul><li class=\"p6\"><b>Magento -versio- ja tietoturvap\u00e4ivitykset<\/b><span class=\"s3\">, testattuna ja hallitusti<\/span><\/li><li class=\"p6\"><b>24\/7-valvonta<\/b>: seuraamme suorituskyky\u00e4, kaatumisia ja virheilmoituksia<\/li><li class=\"p6\"><b>Reagointi uusiin CVE-haavoittuvuuksiin<\/b><span class=\"s3\"> \u2013 usein p\u00e4ivit\u00e4mme jo <\/span><b>ennen kuin virallisia ilmoituksia on edes julkaistu<\/b><\/li><li class=\"p6\"><b>Nopea reagointi h\u00e4iri\u00f6tilanteisiin<\/b><span class=\"s3\"> ja tukipyynt\u00f6ihin<\/span><\/li><li class=\"p6\"><b>Tilanneraportit tarvittaessa<\/b>, joissa k\u00e4yd\u00e4\u00e4n l\u00e4pi tekninen tila, toimet ja kehitysehdotukset<\/li><\/ul><p class=\"p1\">Meilt\u00e4 saat my\u00f6s <span class=\"s1\"><b>nopean vasteen liiketoiminnan muutoksiin<\/b><\/span>, kuten integraatiotarpeisiin, ominaisuuksiin tai kasvun tuomiin haasteisiin \u2013 jotta kauppasi pysyy mukana liiketoiminnan rytmiss\u00e4.<b><\/b><\/p>\t\t\t\t\t\t\t\t<\/div>\n\t\t\t\t<\/div>\n\t\t\t\t<div class=\"elementor-element elementor-element-e19a3a2 elementor-widget elementor-widget-spacer\" data-id=\"e19a3a2\" data-element_type=\"widget\" data-e-type=\"widget\" data-widget_type=\"spacer.default\">\n\t\t\t\t<div class=\"elementor-widget-container\">\n\t\t\t\t\t\t\t<div class=\"elementor-spacer\">\n\t\t\t<div class=\"elementor-spacer-inner\"><\/div>\n\t\t<\/div>\n\t\t\t\t\t\t<\/div>\n\t\t\t\t<\/div>\n\t\t\t\t<div class=\"elementor-element elementor-element-a583fcd elementor-widget elementor-widget-neuros_heading\" data-id=\"a583fcd\" data-element_type=\"widget\" data-e-type=\"widget\" data-widget_type=\"neuros_heading.default\">\n\t\t\t\t<div class=\"elementor-widget-container\">\n\t\t\t\t\t<div class=\"neuros-heading-widget\"><h3 class=\"neuros-heading\"><span class=\"neuros-heading-content has_gradient_color_text\">Codaone ei j\u00e4t\u00e4 asiakkaitaan yksin<\/span><\/h3><\/div>\t\t\t\t<\/div>\n\t\t\t\t<\/div>\n\t\t\t\t<div class=\"elementor-element elementor-element-3d40dbc elementor-widget elementor-widget-text-editor\" data-id=\"3d40dbc\" data-element_type=\"widget\" data-e-type=\"widget\" data-widget_type=\"text-editor.default\">\n\t\t\t\t<div class=\"elementor-widget-container\">\n\t\t\t\t\t\t\t\t\t<p class=\"p1\">\u00a0Meid\u00e4n vastuullamme on varmistaa, ett\u00e4 verkkokauppasi toimii \u2013 <span class=\"s1\"><b>t\u00e4n\u00e4\u00e4n, huomenna ja vuoden p\u00e4\u00e4st\u00e4.<\/b><\/span><\/p><p class=\"p1\">Jatkuva kehitys ei ole pelkk\u00e4 palvelu, vaan tapa varmistaa, ettei mik\u00e4\u00e4n tekninen tai liiketoiminnallinen este tule menestyksen tielle.<\/p><p class=\"p1\"><b>Ota yhteytt\u00e4 ja kysy lis\u00e4\u00e4 kumppanuudesta, jossa verkkokauppa kehittyy hallitusti \u2013 eik\u00e4 pelk\u00e4st\u00e4\u00e4n silloin, kun jotain menee rikki.<\/b><\/p>\t\t\t\t\t\t\t\t<\/div>\n\t\t\t\t<\/div>\n\t\t\t\t\t<\/div>\n\t\t<\/div>\n\t\t\t\t\t<\/div>\n\t\t<\/section>\n\t\t\t\t<section class=\"elementor-section elementor-top-section elementor-element elementor-element-6d3e166 elementor-section-boxed elementor-section-height-default elementor-section-height-default\" data-id=\"6d3e166\" data-element_type=\"section\" data-e-type=\"section\" data-settings=\"{&quot;background_background&quot;:&quot;video&quot;}\">\n\t\t\t\t\t\t<div class=\"elementor-container elementor-column-gap-wide\">\n\t\t\t\t\t<div class=\"elementor-column elementor-col-50 elementor-top-column elementor-element elementor-element-5d8d5b4f\" data-id=\"5d8d5b4f\" data-element_type=\"column\" data-e-type=\"column\">\n\t\t\t<div class=\"elementor-widget-wrap elementor-element-populated\">\n\t\t\t\t\t\t<div class=\"elementor-element elementor-element-7732f0fa elementor-widget elementor-widget-neuros_heading\" data-id=\"7732f0fa\" data-element_type=\"widget\" data-e-type=\"widget\" data-widget_type=\"neuros_heading.default\">\n\t\t\t\t<div class=\"elementor-widget-container\">\n\t\t\t\t\t<div class=\"neuros-heading-widget\"><h2 class=\"neuros-heading\"><span class=\"neuros-subheading\">ota yhteytt\u00e4<\/span><span class=\"neuros-heading-content has_gradient_color_text\">Ota yhteytt\u00e4 \u2013 aloitetaan pitk\u00e4j\u00e4nteinen yhteisty\u00f6<\/span><\/h2><\/div>\t\t\t\t<\/div>\n\t\t\t\t<\/div>\n\t\t\t\t<section class=\"elementor-section elementor-inner-section elementor-element elementor-element-3c89a08c elementor-section-boxed elementor-section-height-default elementor-section-height-default\" data-id=\"3c89a08c\" data-element_type=\"section\" data-e-type=\"section\">\n\t\t\t\t\t\t<div class=\"elementor-container elementor-column-gap-default\">\n\t\t\t\t\t<div class=\"elementor-column elementor-col-100 elementor-inner-column elementor-element elementor-element-2934b69\" data-id=\"2934b69\" data-element_type=\"column\" data-e-type=\"column\">\n\t\t\t<div class=\"elementor-widget-wrap elementor-element-populated\">\n\t\t\t\t\t\t<div class=\"elementor-element elementor-element-44019529 elementor-widget elementor-widget-text-editor\" data-id=\"44019529\" data-element_type=\"widget\" data-e-type=\"widget\" data-widget_type=\"text-editor.default\">\n\t\t\t\t<div class=\"elementor-widget-container\">\n\t\t\t\t\t\t\t\t\t<p>Tarvitsetko luotettavaa kehityskumppania, joka ei katoa tukipyynt\u00f6jen j\u00e4lkeen? Me Codaonella emme pelk\u00e4st\u00e4\u00e4n rakenna \u2013 me pysymme mukana.<\/p>\t\t\t\t\t\t\t\t<\/div>\n\t\t\t\t<\/div>\n\t\t\t\t\t<\/div>\n\t\t<\/div>\n\t\t\t\t\t<\/div>\n\t\t<\/section>\n\t\t\t\t\t<\/div>\n\t\t<\/div>\n\t\t\t\t<div class=\"elementor-column elementor-col-50 elementor-top-column elementor-element elementor-element-14a9c4f5\" data-id=\"14a9c4f5\" data-element_type=\"column\" data-e-type=\"column\" data-settings=\"{&quot;background_background&quot;:&quot;classic&quot;}\">\n\t\t\t<div class=\"elementor-widget-wrap elementor-element-populated\">\n\t\t\t\t\t\t<div class=\"elementor-element elementor-element-2ea4e566 wpforms-button-border-style-solid wpforms-button-bakground-style-solid elementor-widget elementor-widget-neuros_wpforms\" data-id=\"2ea4e566\" data-element_type=\"widget\" data-e-type=\"widget\" data-widget_type=\"neuros_wpforms.default\">\n\t\t\t\t<div class=\"elementor-widget-container\">\n\t\t\t\t\t        <div class=\"neuros-wpforms-widget\">\n            <h4 class=\"wpforms-widget-heading neuros-heading\"><span class=\"neuros-heading-content\">Ota yhteytt\u00e4<\/span><\/h4><div class=\"wpforms-container wpforms-container-full wpforms-render-modern\" id=\"wpforms-23024\"><form id=\"wpforms-form-23024\" class=\"wpforms-validate wpforms-form wpforms-ajax-form\" data-formid=\"23024\" method=\"post\" enctype=\"multipart\/form-data\" action=\"\/fi\/wp-json\/wp\/v2\/pages\/23710\" data-token=\"db7b4a99bd9a0052c6ab9e218137c1be\" data-token-time=\"1776212890\"><div class=\"wpforms-head-container\"><div class=\"wpforms-description\">Tarvitsetko apua Magento -verkkokaupan suunnittelussa, kehityksess\u00e4 tai optimoinnissa? Kerro meille tarpeistasi, niin etsit\u00e4\u00e4n yhdess\u00e4 paras ratkaisu. Ota yhteytt\u00e4 \u2013 autamme mielell\u00e4mme!<\/div><\/div><noscript class=\"wpforms-error-noscript\">Please enable JavaScript in your browser to complete this form.<\/noscript><div class=\"wpforms-hidden\" id=\"wpforms-error-noscript\">Please enable JavaScript in your browser to complete this form.<\/div><div class=\"wpforms-field-container\"><div id=\"wpforms-23024-field_1-container\" class=\"wpforms-field wpforms-field-text\" data-field-id=\"1\"><label class=\"wpforms-field-label wpforms-label-hide\" for=\"wpforms-23024-field_1\" aria-hidden=\"false\">Full Name <span class=\"wpforms-required-label\" aria-hidden=\"true\">*<\/span><\/label><input type=\"text\" id=\"wpforms-23024-field_1\" class=\"wpforms-field-large wpforms-field-required\" name=\"wpforms[fields][1]\" placeholder=\"Nimi\" aria-errormessage=\"wpforms-23024-field_1-error\" required><\/div><div id=\"wpforms-23024-field_3-container\" class=\"wpforms-field wpforms-field-email\" data-field-id=\"3\"><label class=\"wpforms-field-label wpforms-label-hide\" for=\"wpforms-23024-field_3\" aria-hidden=\"false\">Email <span class=\"wpforms-required-label\" aria-hidden=\"true\">*<\/span><\/label><input type=\"email\" id=\"wpforms-23024-field_3\" class=\"wpforms-field-large wpforms-field-required\" name=\"wpforms[fields][3]\" placeholder=\"S\u00e4hk\u00f6posti\" spellcheck=\"false\" aria-errormessage=\"wpforms-23024-field_3-error\" required><\/div><div id=\"wpforms-23024-field_4-container\" class=\"wpforms-field wpforms-field-text\" data-field-id=\"4\"><label class=\"wpforms-field-label wpforms-label-hide\" for=\"wpforms-23024-field_4\" aria-hidden=\"false\">Subject <span class=\"wpforms-required-label\" aria-hidden=\"true\">*<\/span><\/label><input type=\"text\" id=\"wpforms-23024-field_4\" class=\"wpforms-field-large wpforms-field-required\" name=\"wpforms[fields][4]\" placeholder=\"Aihe\" aria-errormessage=\"wpforms-23024-field_4-error\" required><\/div><div id=\"wpforms-23024-field_5-container\" class=\"wpforms-field wpforms-field-textarea\" data-field-id=\"5\"><label class=\"wpforms-field-label wpforms-label-hide\" for=\"wpforms-23024-field_5\" aria-hidden=\"false\">Message<\/label><textarea id=\"wpforms-23024-field_5\" class=\"wpforms-field-small\" name=\"wpforms[fields][5]\" placeholder=\"Viesti\" aria-errormessage=\"wpforms-23024-field_5-error\" ><\/textarea><\/div><\/div><!-- .wpforms-field-container --><div class=\"wpforms-recaptcha-container wpforms-is-recaptcha wpforms-is-recaptcha-type-v3\" ><input type=\"hidden\" name=\"wpforms[recaptcha]\" value=\"\"><\/div><div class=\"wpforms-submit-container\" ><input type=\"hidden\" name=\"wpforms[id]\" value=\"23024\"><input type=\"hidden\" name=\"page_title\" value=\"\"><input type=\"hidden\" name=\"page_url\" value=\"https:\/\/www.codaone.fi\/fi\/wp-json\/wp\/v2\/pages\/23710\"><input type=\"hidden\" name=\"url_referer\" value=\"\"><button type=\"submit\" name=\"wpforms[submit]\" id=\"wpforms-submit-23024\" class=\"wpforms-submit\" data-alt-text=\"L\u00e4hetet\u00e4\u00e4n..\" data-submit-text=\"L\u00e4het\u00e4 viesti\" aria-live=\"assertive\" value=\"wpforms-submit\">L\u00e4het\u00e4 viesti<\/button><img decoding=\"async\" src=\"https:\/\/www.codaone.fi\/wp-content\/plugins\/wpforms\/assets\/images\/submit-spin.svg\" class=\"wpforms-submit-spinner\" style=\"display: none;\" width=\"26\" height=\"26\" alt=\"Loading\"><\/div><\/form><\/div>  <!-- .wpforms-container -->        <\/div>\n        \t\t\t\t<\/div>\n\t\t\t\t<\/div>\n\t\t\t\t\t<\/div>\n\t\t<\/div>\n\t\t\t\t\t<\/div>\n\t\t<\/section>\n\t\t\t\t<\/div>\n\t\t","protected":false},"excerpt":{"rendered":"<p>Hyvin toimiva verkkokauppa ei ole koskaan valmis \u2013 se el\u00e4\u00e4, kehittyy ja kasvaa liiketoimintasi mukana. Codaonen jatkuvan kehityksen ja yll\u00e4pidon palvelut pit\u00e4v\u00e4t verkkokauppasi suorituskykyisen\u00e4, turvallisena ja kilpailukykyisen\u00e4 \u2013 vuoden jokaisena p\u00e4iv\u00e4n\u00e4. 1. K\u00e4ytt\u00e4j\u00e4kokemus pysyy kilpailukykyisen\u00e4Verkkokauppa ei ole koskaan valmis \u2013 eik\u00e4&#8230;<\/p>\n","protected":false},"author":2,"featured_media":0,"parent":3486,"menu_order":0,"comment_status":"closed","ping_status":"closed","template":"","meta":{"footnotes":""},"class_list":["post-23710","page","type-page","status-publish","hentry"],"_links":{"self":[{"href":"https:\/\/www.codaone.fi\/fi\/wp-json\/wp\/v2\/pages\/23710","targetHints":{"allow":["GET"]}}],"collection":[{"href":"https:\/\/www.codaone.fi\/fi\/wp-json\/wp\/v2\/pages"}],"about":[{"href":"https:\/\/www.codaone.fi\/fi\/wp-json\/wp\/v2\/types\/page"}],"author":[{"embeddable":true,"href":"https:\/\/www.codaone.fi\/fi\/wp-json\/wp\/v2\/users\/2"}],"replies":[{"embeddable":true,"href":"https:\/\/www.codaone.fi\/fi\/wp-json\/wp\/v2\/comments?post=23710"}],"version-history":[{"count":20,"href":"https:\/\/www.codaone.fi\/fi\/wp-json\/wp\/v2\/pages\/23710\/revisions"}],"predecessor-version":[{"id":25574,"href":"https:\/\/www.codaone.fi\/fi\/wp-json\/wp\/v2\/pages\/23710\/revisions\/25574"}],"up":[{"embeddable":true,"href":"https:\/\/www.codaone.fi\/fi\/wp-json\/wp\/v2\/pages\/3486"}],"wp:attachment":[{"href":"https:\/\/www.codaone.fi\/fi\/wp-json\/wp\/v2\/media?parent=23710"}],"curies":[{"name":"wp","href":"https:\/\/api.w.org\/{rel}","templated":true}]}}